{"id":103,"date":"2020-05-27T00:19:57","date_gmt":"2020-05-26T21:19:57","guid":{"rendered":"https:\/\/desegregare.ro\/wp\/?page_id=103"},"modified":"2020-05-28T14:15:13","modified_gmt":"2020-05-28T11:15:13","slug":"oferim-locuinte","status":"publish","type":"page","link":"https:\/\/desegregare.ro\/en\/oferim-locuinte\/","title":{"rendered":"We offer housing"},"content":{"rendered":"<p>Under the project, a minimum of 30 homes will be purchased in Cluj-Napoca and neighbouring municipalities. Homes will be equipped with furniture and household appliances.<\/p>\n\n\n\n<p>At the same time, families in the Pata-R\u00e2t community who will benefit from them will be selected<\/p>\n\n\n\n<p>The main stages of the process:<\/p>\n\n\n\n<p>1 . Informing the members of the community and stakeholders involved in social housing. Door-to-door information will be made for all types of social housing (social housing offered by the City of Cluj Napoca and those occupied through subsidized rents, supported by the Directorate for Social and Medical Care). Two information sessions will be organised in each Pata-R\u00e2t community and a meeting with relevant stakeholders.<\/p>\n\n\n\n<p>2. The submission of files, which will be based on an advice and support component offered by the Community facilitators, in the framework of a desk helpdesk<\/p>\n\n\n\n<p>3. Assessment of family needs and resources, based on the files submitted and the field assessments.<\/p>\n\n\n\n<p>4. Drawing up of the list of families that have been selected for the removal and a waiting list<\/p>\n\n\n\n<p>5. Appeal and Information Stage regarding the results of the selection process<\/p>\n\n\n\n<p>6. The signing of rental contracts<\/p>\n\n\n\n<p>The selected families will benefit from support\/assistance for moving, including support for the purpose of the actual move and transcription of utilities in their name, an administrative support for changing the identity documents, the transfer of school children to nearby educational establishments or counselling and the facilitation of integration into the new community.<\/p>\n\n\n\n<ul class=\"wp-block-social-links is-layout-flex wp-block-social-links-is-layout-flex\"><li class=\"wp-social-link wp-social-link-wordpress  wp-block-social-link\"><a href=\"https:\/\/wordpress.org\" class=\"wp-block-social-link-anchor\"><svg width=\"24\" height=\"24\" viewbox=\"0 0 24 24\" version=\"1.1\" xmlns=\"http:\/\/www.w3.org\/2000\/svg\" aria-hidden=\"true\" focusable=\"false\"><path d=\"M12.158,12.786L9.46,20.625c0.806,0.237,1.657,0.366,2.54,0.366c1.047,0,2.051-0.181,2.986-0.51 c-0.024-0.038-0.046-0.079-0.065-0.124L12.158,12.786z M3.009,12c0,3.559,2.068,6.634,5.067,8.092L3.788,8.341 C3.289,9.459,3.009,10.696,3.009,12z M18.069,11.546c0-1.112-0.399-1.881-0.741-2.48c-0.456-0.741-0.883-1.368-0.883-2.109 c0-0.826,0.627-1.596,1.51-1.596c0.04,0,0.078,0.005,0.116,0.007C16.472,3.904,14.34,3.009,12,3.009 c-3.141,0-5.904,1.612-7.512,4.052c0.211,0.007,0.41,0.011,0.579,0.011c0.94,0,2.396-0.114,2.396-0.114 C7.947,6.93,8.004,7.642,7.52,7.699c0,0-0.487,0.057-1.029,0.085l3.274,9.739l1.968-5.901l-1.401-3.838 C9.848,7.756,9.389,7.699,9.389,7.699C8.904,7.67,8.961,6.93,9.446,6.958c0,0,1.484,0.114,2.368,0.114 c0.94,0,2.397-0.114,2.397-0.114c0.485-0.028,0.542,0.684,0.057,0.741c0,0-0.488,0.057-1.029,0.085l3.249,9.665l0.897-2.996 C17.841,13.284,18.069,12.316,18.069,11.546z M19.889,7.686c0.039,0.286,0.06,0.593,0.06,0.924c0,0.912-0.171,1.938-0.684,3.22 l-2.746,7.94c2.673-1.558,4.47-4.454,4.47-7.771C20.991,10.436,20.591,8.967,19.889,7.686z M12,22C6.486,22,2,17.514,2,12 C2,6.486,6.486,2,12,2c5.514,0,10,4.486,10,10C22,17.514,17.514,22,12,22z\"><\/path><\/svg><span class=\"wp-block-social-link-label screen-reader-text\">WordPress<\/span><\/a><\/li>\n\n\n\n\n\n\n\n\n\n\n\n<\/ul>\n\n\n\n<p><\/p>","protected":false},"excerpt":{"rendered":"<p>Within the project, at least 30 houses will be purchased, in Cluj-Napoca and the surrounding localities. <a class=\"more-link\" href=\"https:\/\/desegregare.ro\/en\/oferim-locuinte\/\">(&#8230;)<\/a><\/p>","protected":false},"author":1,"featured_media":201,"parent":0,"menu_order":0,"comment_status":"closed","ping_status":"closed","template":"","meta":{"footnotes":""},"class_list":["post-103","page","type-page","status-publish","has-post-thumbnail","hentry"],"yoast_head":"<!-- This site is optimized with the Yoast SEO plugin v24.0 - https:\/\/yoast.com\/wordpress\/plugins\/seo\/ -->\n<title>Oferim locuin\u021be - Proiect Pata 2.0<\/title>\n<meta name=\"robots\" content=\"index, follow, max-snippet:-1, max-image-preview:large, max-video-preview:-1\" \/>\n<link rel=\"canonical\" href=\"https:\/\/desegregare.ro\/en\/oferim-locuinte\/\" \/>\n<meta property=\"og:locale\" content=\"en_GB\" \/>\n<meta property=\"og:type\" content=\"article\" \/>\n<meta property=\"og:title\" content=\"Oferim locuin\u021be - Proiect Pata 2.0\" \/>\n<meta property=\"og:description\" content=\"\u00cen cadrul proiectului vor fi achizi\u021bionate minim 30 de locuin\u021be, \u00een Cluj-Napoca \u0219i localit\u0103\u021bile limitrofe. Locuin\u021bele vor fi echipate cu (...)\" \/>\n<meta property=\"og:url\" content=\"https:\/\/desegregare.ro\/en\/oferim-locuinte\/\" \/>\n<meta property=\"og:site_name\" content=\"Proiect Pata 2.0\" \/>\n<meta property=\"article:publisher\" content=\"https:\/\/www.facebook.com\/ClujMetro\/\" \/>\n<meta property=\"article:modified_time\" content=\"2020-05-28T11:15:13+00:00\" \/>\n<meta property=\"og:image\" content=\"https:\/\/desegregare.ro\/wp-content\/uploads\/2020\/05\/Oferim-locuinte.jpg\" \/>\n\t<meta property=\"og:image:width\" content=\"1200\" \/>\n\t<meta property=\"og:image:height\" content=\"800\" \/>\n\t<meta property=\"og:image:type\" content=\"image\/jpeg\" \/>\n<meta name=\"twitter:card\" content=\"summary_large_image\" \/>\n<meta name=\"twitter:site\" content=\"@clujmetro\" \/>\n<meta name=\"twitter:label1\" content=\"Estimated reading time\" \/>\n\t<meta name=\"twitter:data1\" content=\"1 minute\" \/>\n<script type=\"application\/ld+json\" class=\"yoast-schema-graph\">{\"@context\":\"https:\/\/schema.org\",\"@graph\":[{\"@type\":\"WebPage\",\"@id\":\"https:\/\/desegregare.ro\/oferim-locuinte\/\",\"url\":\"https:\/\/desegregare.ro\/oferim-locuinte\/\",\"name\":\"Oferim locuin\u021be - Proiect Pata 2.0\",\"isPartOf\":{\"@id\":\"https:\/\/desegregare.ro\/#website\"},\"primaryImageOfPage\":{\"@id\":\"https:\/\/desegregare.ro\/oferim-locuinte\/#primaryimage\"},\"image\":{\"@id\":\"https:\/\/desegregare.ro\/oferim-locuinte\/#primaryimage\"},\"thumbnailUrl\":\"https:\/\/desegregare.ro\/wp-content\/uploads\/2020\/05\/Oferim-locuinte.jpg\",\"datePublished\":\"2020-05-26T21:19:57+00:00\",\"dateModified\":\"2020-05-28T11:15:13+00:00\",\"breadcrumb\":{\"@id\":\"https:\/\/desegregare.ro\/oferim-locuinte\/#breadcrumb\"},\"inLanguage\":\"en-GB\",\"potentialAction\":[{\"@type\":\"ReadAction\",\"target\":[\"https:\/\/desegregare.ro\/oferim-locuinte\/\"]}]},{\"@type\":\"ImageObject\",\"inLanguage\":\"en-GB\",\"@id\":\"https:\/\/desegregare.ro\/oferim-locuinte\/#primaryimage\",\"url\":\"https:\/\/desegregare.ro\/wp-content\/uploads\/2020\/05\/Oferim-locuinte.jpg\",\"contentUrl\":\"https:\/\/desegregare.ro\/wp-content\/uploads\/2020\/05\/Oferim-locuinte.jpg\",\"width\":1200,\"height\":800,\"caption\":\"Oferim-locuinte\"},{\"@type\":\"BreadcrumbList\",\"@id\":\"https:\/\/desegregare.ro\/oferim-locuinte\/#breadcrumb\",\"itemListElement\":[{\"@type\":\"ListItem\",\"position\":1,\"name\":\"Home\",\"item\":\"https:\/\/desegregare.ro\/\"},{\"@type\":\"ListItem\",\"position\":2,\"name\":\"Oferim locuin\u021be\"}]},{\"@type\":\"WebSite\",\"@id\":\"https:\/\/desegregare.ro\/#website\",\"url\":\"https:\/\/desegregare.ro\/\",\"name\":\"ZMC | Proiect Pata 2.0\",\"description\":\"Asocia\u0163ia de Dezvoltare Intercomunitar\u0103 Zona Metropolitan\u0103 Cluj\",\"publisher\":{\"@id\":\"https:\/\/desegregare.ro\/#organization\"},\"potentialAction\":[{\"@type\":\"SearchAction\",\"target\":{\"@type\":\"EntryPoint\",\"urlTemplate\":\"https:\/\/desegregare.ro\/?s={search_term_string}\"},\"query-input\":{\"@type\":\"PropertyValueSpecification\",\"valueRequired\":true,\"valueName\":\"search_term_string\"}}],\"inLanguage\":\"en-GB\"},{\"@type\":\"Organization\",\"@id\":\"https:\/\/desegregare.ro\/#organization\",\"name\":\"Zona Metropolitan\u0103 Cluj\",\"url\":\"https:\/\/desegregare.ro\/\",\"logo\":{\"@type\":\"ImageObject\",\"inLanguage\":\"en-GB\",\"@id\":\"https:\/\/desegregare.ro\/#\/schema\/logo\/image\/\",\"url\":\"https:\/\/desegregare.ro\/wp-content\/uploads\/2020\/06\/header_antent.png\",\"contentUrl\":\"https:\/\/desegregare.ro\/wp-content\/uploads\/2020\/06\/header_antent.png\",\"width\":318,\"height\":125,\"caption\":\"Zona Metropolitan\u0103 Cluj\"},\"image\":{\"@id\":\"https:\/\/desegregare.ro\/#\/schema\/logo\/image\/\"},\"sameAs\":[\"https:\/\/www.facebook.com\/ClujMetro\/\",\"https:\/\/x.com\/clujmetro\"]}]}<\/script>\n<!-- \/ Yoast SEO plugin. -->","yoast_head_json":{"title":"Oferim locuin\u021be - Proiect Pata 2.0","robots":{"index":"index","follow":"follow","max-snippet":"max-snippet:-1","max-image-preview":"max-image-preview:large","max-video-preview":"max-video-preview:-1"},"canonical":"https:\/\/desegregare.ro\/en\/oferim-locuinte\/","og_locale":"en_GB","og_type":"article","og_title":"Oferim locuin\u021be - Proiect Pata 2.0","og_description":"\u00cen cadrul proiectului vor fi achizi\u021bionate minim 30 de locuin\u021be, \u00een Cluj-Napoca \u0219i localit\u0103\u021bile limitrofe. Locuin\u021bele vor fi echipate cu (...)","og_url":"https:\/\/desegregare.ro\/en\/oferim-locuinte\/","og_site_name":"Proiect Pata 2.0","article_publisher":"https:\/\/www.facebook.com\/ClujMetro\/","article_modified_time":"2020-05-28T11:15:13+00:00","og_image":[{"width":1200,"height":800,"url":"https:\/\/desegregare.ro\/wp-content\/uploads\/2020\/05\/Oferim-locuinte.jpg","type":"image\/jpeg"}],"twitter_card":"summary_large_image","twitter_site":"@clujmetro","twitter_misc":{"Estimated reading time":"1 minute"},"schema":{"@context":"https:\/\/schema.org","@graph":[{"@type":"WebPage","@id":"https:\/\/desegregare.ro\/oferim-locuinte\/","url":"https:\/\/desegregare.ro\/oferim-locuinte\/","name":"Oferim locuin\u021be - Proiect Pata 2.0","isPartOf":{"@id":"https:\/\/desegregare.ro\/#website"},"primaryImageOfPage":{"@id":"https:\/\/desegregare.ro\/oferim-locuinte\/#primaryimage"},"image":{"@id":"https:\/\/desegregare.ro\/oferim-locuinte\/#primaryimage"},"thumbnailUrl":"https:\/\/desegregare.ro\/wp-content\/uploads\/2020\/05\/Oferim-locuinte.jpg","datePublished":"2020-05-26T21:19:57+00:00","dateModified":"2020-05-28T11:15:13+00:00","breadcrumb":{"@id":"https:\/\/desegregare.ro\/oferim-locuinte\/#breadcrumb"},"inLanguage":"en-GB","potentialAction":[{"@type":"ReadAction","target":["https:\/\/desegregare.ro\/oferim-locuinte\/"]}]},{"@type":"ImageObject","inLanguage":"en-GB","@id":"https:\/\/desegregare.ro\/oferim-locuinte\/#primaryimage","url":"https:\/\/desegregare.ro\/wp-content\/uploads\/2020\/05\/Oferim-locuinte.jpg","contentUrl":"https:\/\/desegregare.ro\/wp-content\/uploads\/2020\/05\/Oferim-locuinte.jpg","width":1200,"height":800,"caption":"Oferim-locuinte"},{"@type":"BreadcrumbList","@id":"https:\/\/desegregare.ro\/oferim-locuinte\/#breadcrumb","itemListElement":[{"@type":"ListItem","position":1,"name":"Home","item":"https:\/\/desegregare.ro\/"},{"@type":"ListItem","position":2,"name":"Oferim locuin\u021be"}]},{"@type":"WebSite","@id":"https:\/\/desegregare.ro\/#website","url":"https:\/\/desegregare.ro\/","name":"ZMC | Proiect Pata 2.0","description":"Asocia\u0163ia de Dezvoltare Intercomunitar\u0103 Zona Metropolitan\u0103 Cluj","publisher":{"@id":"https:\/\/desegregare.ro\/#organization"},"potentialAction":[{"@type":"SearchAction","target":{"@type":"EntryPoint","urlTemplate":"https:\/\/desegregare.ro\/?s={search_term_string}"},"query-input":{"@type":"PropertyValueSpecification","valueRequired":true,"valueName":"search_term_string"}}],"inLanguage":"en-GB"},{"@type":"Organization","@id":"https:\/\/desegregare.ro\/#organization","name":"Zona Metropolitan\u0103 Cluj","url":"https:\/\/desegregare.ro\/","logo":{"@type":"ImageObject","inLanguage":"en-GB","@id":"https:\/\/desegregare.ro\/#\/schema\/logo\/image\/","url":"https:\/\/desegregare.ro\/wp-content\/uploads\/2020\/06\/header_antent.png","contentUrl":"https:\/\/desegregare.ro\/wp-content\/uploads\/2020\/06\/header_antent.png","width":318,"height":125,"caption":"Zona Metropolitan\u0103 Cluj"},"image":{"@id":"https:\/\/desegregare.ro\/#\/schema\/logo\/image\/"},"sameAs":["https:\/\/www.facebook.com\/ClujMetro\/","https:\/\/x.com\/clujmetro"]}]}},"_links":{"self":[{"href":"https:\/\/desegregare.ro\/en\/wp-json\/wp\/v2\/pages\/103"}],"collection":[{"href":"https:\/\/desegregare.ro\/en\/wp-json\/wp\/v2\/pages"}],"about":[{"href":"https:\/\/desegregare.ro\/en\/wp-json\/wp\/v2\/types\/page"}],"author":[{"embeddable":true,"href":"https:\/\/desegregare.ro\/en\/wp-json\/wp\/v2\/users\/1"}],"replies":[{"embeddable":true,"href":"https:\/\/desegregare.ro\/en\/wp-json\/wp\/v2\/comments?post=103"}],"version-history":[{"count":4,"href":"https:\/\/desegregare.ro\/en\/wp-json\/wp\/v2\/pages\/103\/revisions"}],"predecessor-version":[{"id":1002,"href":"https:\/\/desegregare.ro\/en\/wp-json\/wp\/v2\/pages\/103\/revisions\/1002"}],"wp:featuredmedia":[{"embeddable":true,"href":"https:\/\/desegregare.ro\/en\/wp-json\/wp\/v2\/media\/201"}],"wp:attachment":[{"href":"https:\/\/desegregare.ro\/en\/wp-json\/wp\/v2\/media?parent=103"}],"curies":[{"name":"wp","href":"https:\/\/api.w.org\/{rel}","templated":true}]}}