{"id":136,"date":"2020-05-28T12:24:22","date_gmt":"2020-05-28T09:24:22","guid":{"rendered":"https:\/\/desegregare.ro\/wp\/?page_id=136"},"modified":"2020-08-06T16:26:05","modified_gmt":"2020-08-06T13:26:05","slug":"prevenirea-abandonului-scolar","status":"publish","type":"page","link":"https:\/\/desegregare.ro\/en\/prevenirea-abandonului-scolar\/","title":{"rendered":"We prevent school dropout"},"content":{"rendered":"<p>We aim to prevent school dropout in eight schools, four in Cluj-Napoca (\u201cTraian D\u00e2rjan\u201d School, \u201cIoan Ag\u00e2rbiceanu\u201d School, Special School, \u201cAl. Vaida-Voevod\u201d School), and one each from Cojocna, Cara, Apahida and Floresti (\u201cGheorghe Sincai\u201d School), where pupils from Pata-R\u00e2t learn.<\/p>\r\n\r\n\r\n\r\n<p>The activity involves holding regular meetings with school counselors and school mediators, in order to identify situations of absenteeism and risk of school dropout.<\/p>\r\n\r\n\r\n\r\n<p>Subsequently, tailor-made support will be offered, on a case by case basis, for the families whose children face these problems. We will advise the families of 80 students.<\/p>\r\n\r\n\r\n\r\n<p>We will also organise socio-emotional development sessions which aim to increase the cohesion of the group of pupils in encouraging school attendance at the level of four classes from 12 schools. These are the eight schools mentioned above, plus those in Bontida, R\u0103scruci, Vultureni and Blood. This activity will benefit 800 pupils.<\/p>\r\n\r\n\r\n\r\n<p>Awareness-raising sessions for teachers about the emotional needs of students will also be organised at all 12 schools.<\/p>\r\n\r\n\r\n\r\n<p>We will also create a community resource centre where volunteers will be involved. They will be trained and overseen in order to provide mentoring and tutoring to 24 pupils from the eight schools where they are learning from Paa-R\u00e2t pupils. We focus on the pupils in the grades of terminals (VIII and IV). Work will take place twice a week.<\/p>","protected":false},"excerpt":{"rendered":"<p>We aim to prevent school dropout in eight schools, four in Cluj-Napoca \u201eTraian D\u00e2rjan, Ioan Ag\u00e2rbiceanu\u201d, Special School, <a class=\"more-link\" href=\"https:\/\/desegregare.ro\/en\/prevenirea-abandonului-scolar\/\">(&#8230;)<\/a><\/p>","protected":false},"author":1,"featured_media":621,"parent":0,"menu_order":0,"comment_status":"closed","ping_status":"closed","template":"","meta":{"footnotes":""},"class_list":["post-136","page","type-page","status-publish","has-post-thumbnail","hentry"],"yoast_head":"<!-- This site is optimized with the Yoast SEO plugin v24.0 - https:\/\/yoast.com\/wordpress\/plugins\/seo\/ -->\n<title>Prevenim abandonul \u0219colar - Proiect Pata 2.0<\/title>\n<meta name=\"robots\" content=\"index, follow, max-snippet:-1, max-image-preview:large, max-video-preview:-1\" \/>\n<link rel=\"canonical\" href=\"https:\/\/desegregare.ro\/en\/prevenirea-abandonului-scolar\/\" \/>\n<meta property=\"og:locale\" content=\"en_GB\" \/>\n<meta property=\"og:type\" content=\"article\" \/>\n<meta property=\"og:title\" content=\"Prevenim abandonul \u0219colar - Proiect Pata 2.0\" \/>\n<meta property=\"og:description\" content=\"Ne propunem s\u0103 prevenim abandonul \u0219colar \u00een opt \u0219coli, patru din Cluj-Napoca (\u0218coala \u201eTraian D\u00e2rjan\u201d, \u0218coala \u201eIoan Ag\u00e2rbiceanu\u201d, \u0218coala Special\u0103, (...)\" \/>\n<meta property=\"og:url\" content=\"https:\/\/desegregare.ro\/en\/prevenirea-abandonului-scolar\/\" \/>\n<meta property=\"og:site_name\" content=\"Proiect Pata 2.0\" \/>\n<meta property=\"article:publisher\" content=\"https:\/\/www.facebook.com\/ClujMetro\/\" \/>\n<meta property=\"article:modified_time\" content=\"2020-08-06T13:26:05+00:00\" \/>\n<meta property=\"og:image\" content=\"https:\/\/desegregare.ro\/wp-content\/uploads\/2020\/08\/Copilasi_A11_educatie-nonformala-002.jpg\" \/>\n\t<meta property=\"og:image:width\" content=\"1243\" \/>\n\t<meta property=\"og:image:height\" content=\"716\" \/>\n\t<meta property=\"og:image:type\" content=\"image\/jpeg\" \/>\n<meta name=\"twitter:card\" content=\"summary_large_image\" \/>\n<meta name=\"twitter:site\" content=\"@clujmetro\" \/>\n<meta name=\"twitter:label1\" content=\"Estimated reading time\" \/>\n\t<meta name=\"twitter:data1\" content=\"1 minute\" \/>\n<script type=\"application\/ld+json\" class=\"yoast-schema-graph\">{\"@context\":\"https:\/\/schema.org\",\"@graph\":[{\"@type\":\"WebPage\",\"@id\":\"https:\/\/desegregare.ro\/prevenirea-abandonului-scolar\/\",\"url\":\"https:\/\/desegregare.ro\/prevenirea-abandonului-scolar\/\",\"name\":\"Prevenim abandonul \u0219colar - Proiect Pata 2.0\",\"isPartOf\":{\"@id\":\"https:\/\/desegregare.ro\/#website\"},\"primaryImageOfPage\":{\"@id\":\"https:\/\/desegregare.ro\/prevenirea-abandonului-scolar\/#primaryimage\"},\"image\":{\"@id\":\"https:\/\/desegregare.ro\/prevenirea-abandonului-scolar\/#primaryimage\"},\"thumbnailUrl\":\"https:\/\/desegregare.ro\/wp-content\/uploads\/2020\/08\/Copilasi_A11_educatie-nonformala-002.jpg\",\"datePublished\":\"2020-05-28T09:24:22+00:00\",\"dateModified\":\"2020-08-06T13:26:05+00:00\",\"breadcrumb\":{\"@id\":\"https:\/\/desegregare.ro\/prevenirea-abandonului-scolar\/#breadcrumb\"},\"inLanguage\":\"en-GB\",\"potentialAction\":[{\"@type\":\"ReadAction\",\"target\":[\"https:\/\/desegregare.ro\/prevenirea-abandonului-scolar\/\"]}]},{\"@type\":\"ImageObject\",\"inLanguage\":\"en-GB\",\"@id\":\"https:\/\/desegregare.ro\/prevenirea-abandonului-scolar\/#primaryimage\",\"url\":\"https:\/\/desegregare.ro\/wp-content\/uploads\/2020\/08\/Copilasi_A11_educatie-nonformala-002.jpg\",\"contentUrl\":\"https:\/\/desegregare.ro\/wp-content\/uploads\/2020\/08\/Copilasi_A11_educatie-nonformala-002.jpg\",\"width\":1243,\"height\":716},{\"@type\":\"BreadcrumbList\",\"@id\":\"https:\/\/desegregare.ro\/prevenirea-abandonului-scolar\/#breadcrumb\",\"itemListElement\":[{\"@type\":\"ListItem\",\"position\":1,\"name\":\"Home\",\"item\":\"https:\/\/desegregare.ro\/\"},{\"@type\":\"ListItem\",\"position\":2,\"name\":\"Prevenim abandonul \u0219colar\"}]},{\"@type\":\"WebSite\",\"@id\":\"https:\/\/desegregare.ro\/#website\",\"url\":\"https:\/\/desegregare.ro\/\",\"name\":\"ZMC | Proiect Pata 2.0\",\"description\":\"Asocia\u0163ia de Dezvoltare Intercomunitar\u0103 Zona Metropolitan\u0103 Cluj\",\"publisher\":{\"@id\":\"https:\/\/desegregare.ro\/#organization\"},\"potentialAction\":[{\"@type\":\"SearchAction\",\"target\":{\"@type\":\"EntryPoint\",\"urlTemplate\":\"https:\/\/desegregare.ro\/?s={search_term_string}\"},\"query-input\":{\"@type\":\"PropertyValueSpecification\",\"valueRequired\":true,\"valueName\":\"search_term_string\"}}],\"inLanguage\":\"en-GB\"},{\"@type\":\"Organization\",\"@id\":\"https:\/\/desegregare.ro\/#organization\",\"name\":\"Zona Metropolitan\u0103 Cluj\",\"url\":\"https:\/\/desegregare.ro\/\",\"logo\":{\"@type\":\"ImageObject\",\"inLanguage\":\"en-GB\",\"@id\":\"https:\/\/desegregare.ro\/#\/schema\/logo\/image\/\",\"url\":\"https:\/\/desegregare.ro\/wp-content\/uploads\/2020\/06\/header_antent.png\",\"contentUrl\":\"https:\/\/desegregare.ro\/wp-content\/uploads\/2020\/06\/header_antent.png\",\"width\":318,\"height\":125,\"caption\":\"Zona Metropolitan\u0103 Cluj\"},\"image\":{\"@id\":\"https:\/\/desegregare.ro\/#\/schema\/logo\/image\/\"},\"sameAs\":[\"https:\/\/www.facebook.com\/ClujMetro\/\",\"https:\/\/x.com\/clujmetro\"]}]}<\/script>\n<!-- \/ Yoast SEO plugin. -->","yoast_head_json":{"title":"Prevenim abandonul \u0219colar - Proiect Pata 2.0","robots":{"index":"index","follow":"follow","max-snippet":"max-snippet:-1","max-image-preview":"max-image-preview:large","max-video-preview":"max-video-preview:-1"},"canonical":"https:\/\/desegregare.ro\/en\/prevenirea-abandonului-scolar\/","og_locale":"en_GB","og_type":"article","og_title":"Prevenim abandonul \u0219colar - Proiect Pata 2.0","og_description":"Ne propunem s\u0103 prevenim abandonul \u0219colar \u00een opt \u0219coli, patru din Cluj-Napoca (\u0218coala \u201eTraian D\u00e2rjan\u201d, \u0218coala \u201eIoan Ag\u00e2rbiceanu\u201d, \u0218coala Special\u0103, (...)","og_url":"https:\/\/desegregare.ro\/en\/prevenirea-abandonului-scolar\/","og_site_name":"Proiect Pata 2.0","article_publisher":"https:\/\/www.facebook.com\/ClujMetro\/","article_modified_time":"2020-08-06T13:26:05+00:00","og_image":[{"width":1243,"height":716,"url":"https:\/\/desegregare.ro\/wp-content\/uploads\/2020\/08\/Copilasi_A11_educatie-nonformala-002.jpg","type":"image\/jpeg"}],"twitter_card":"summary_large_image","twitter_site":"@clujmetro","twitter_misc":{"Estimated reading time":"1 minute"},"schema":{"@context":"https:\/\/schema.org","@graph":[{"@type":"WebPage","@id":"https:\/\/desegregare.ro\/prevenirea-abandonului-scolar\/","url":"https:\/\/desegregare.ro\/prevenirea-abandonului-scolar\/","name":"Prevenim abandonul \u0219colar - Proiect Pata 2.0","isPartOf":{"@id":"https:\/\/desegregare.ro\/#website"},"primaryImageOfPage":{"@id":"https:\/\/desegregare.ro\/prevenirea-abandonului-scolar\/#primaryimage"},"image":{"@id":"https:\/\/desegregare.ro\/prevenirea-abandonului-scolar\/#primaryimage"},"thumbnailUrl":"https:\/\/desegregare.ro\/wp-content\/uploads\/2020\/08\/Copilasi_A11_educatie-nonformala-002.jpg","datePublished":"2020-05-28T09:24:22+00:00","dateModified":"2020-08-06T13:26:05+00:00","breadcrumb":{"@id":"https:\/\/desegregare.ro\/prevenirea-abandonului-scolar\/#breadcrumb"},"inLanguage":"en-GB","potentialAction":[{"@type":"ReadAction","target":["https:\/\/desegregare.ro\/prevenirea-abandonului-scolar\/"]}]},{"@type":"ImageObject","inLanguage":"en-GB","@id":"https:\/\/desegregare.ro\/prevenirea-abandonului-scolar\/#primaryimage","url":"https:\/\/desegregare.ro\/wp-content\/uploads\/2020\/08\/Copilasi_A11_educatie-nonformala-002.jpg","contentUrl":"https:\/\/desegregare.ro\/wp-content\/uploads\/2020\/08\/Copilasi_A11_educatie-nonformala-002.jpg","width":1243,"height":716},{"@type":"BreadcrumbList","@id":"https:\/\/desegregare.ro\/prevenirea-abandonului-scolar\/#breadcrumb","itemListElement":[{"@type":"ListItem","position":1,"name":"Home","item":"https:\/\/desegregare.ro\/"},{"@type":"ListItem","position":2,"name":"Prevenim abandonul \u0219colar"}]},{"@type":"WebSite","@id":"https:\/\/desegregare.ro\/#website","url":"https:\/\/desegregare.ro\/","name":"ZMC | Proiect Pata 2.0","description":"Asocia\u0163ia de Dezvoltare Intercomunitar\u0103 Zona Metropolitan\u0103 Cluj","publisher":{"@id":"https:\/\/desegregare.ro\/#organization"},"potentialAction":[{"@type":"SearchAction","target":{"@type":"EntryPoint","urlTemplate":"https:\/\/desegregare.ro\/?s={search_term_string}"},"query-input":{"@type":"PropertyValueSpecification","valueRequired":true,"valueName":"search_term_string"}}],"inLanguage":"en-GB"},{"@type":"Organization","@id":"https:\/\/desegregare.ro\/#organization","name":"Zona Metropolitan\u0103 Cluj","url":"https:\/\/desegregare.ro\/","logo":{"@type":"ImageObject","inLanguage":"en-GB","@id":"https:\/\/desegregare.ro\/#\/schema\/logo\/image\/","url":"https:\/\/desegregare.ro\/wp-content\/uploads\/2020\/06\/header_antent.png","contentUrl":"https:\/\/desegregare.ro\/wp-content\/uploads\/2020\/06\/header_antent.png","width":318,"height":125,"caption":"Zona Metropolitan\u0103 Cluj"},"image":{"@id":"https:\/\/desegregare.ro\/#\/schema\/logo\/image\/"},"sameAs":["https:\/\/www.facebook.com\/ClujMetro\/","https:\/\/x.com\/clujmetro"]}]}},"_links":{"self":[{"href":"https:\/\/desegregare.ro\/en\/wp-json\/wp\/v2\/pages\/136"}],"collection":[{"href":"https:\/\/desegregare.ro\/en\/wp-json\/wp\/v2\/pages"}],"about":[{"href":"https:\/\/desegregare.ro\/en\/wp-json\/wp\/v2\/types\/page"}],"author":[{"embeddable":true,"href":"https:\/\/desegregare.ro\/en\/wp-json\/wp\/v2\/users\/1"}],"replies":[{"embeddable":true,"href":"https:\/\/desegregare.ro\/en\/wp-json\/wp\/v2\/comments?post=136"}],"version-history":[{"count":3,"href":"https:\/\/desegregare.ro\/en\/wp-json\/wp\/v2\/pages\/136\/revisions"}],"predecessor-version":[{"id":622,"href":"https:\/\/desegregare.ro\/en\/wp-json\/wp\/v2\/pages\/136\/revisions\/622"}],"wp:featuredmedia":[{"embeddable":true,"href":"https:\/\/desegregare.ro\/en\/wp-json\/wp\/v2\/media\/621"}],"wp:attachment":[{"href":"https:\/\/desegregare.ro\/en\/wp-json\/wp\/v2\/media?parent=136"}],"curies":[{"name":"wp","href":"https:\/\/api.w.org\/{rel}","templated":true}]}}