{"id":138,"date":"2020-05-28T12:25:21","date_gmt":"2020-05-28T09:25:21","guid":{"rendered":"https:\/\/desegregare.ro\/wp\/?page_id=138"},"modified":"2020-06-05T11:19:43","modified_gmt":"2020-06-05T08:19:43","slug":"ingrijim-sanatatea","status":"publish","type":"page","link":"https:\/\/desegregare.ro\/en\/ingrijim-sanatatea\/","title":{"rendered":"We care for health"},"content":{"rendered":"<p>During the project, a Community Social Centre will be established, which will aim to implement and develop social, health and educational services.<\/p>\r\n\r\n\r\n\r\n<p>Under the CSC, the multidisciplinary team (health mediator, social worker and psychologist) will facilitate access to primary and specialised healthcare services to improve the health status of people in the Pata-R\u00e2t community.<\/p>\r\n\r\n\r\n\r\n<p>The CSC team will conclude collaboration protocols with key health institutions and units (Public Health Directorate, Infectious Diseases Hospital, Lung Diseases Hospital, etc.) that will carry out\/implement a number of prevention campaigns in the area.<\/p>\r\n\r\n\r\n\r\n<p>At the same time, we aim that all children and young people under the age of 18 from the Pata-R\u00e2t area will be enrolled on a family doctor\u2019s list.<\/p>\r\n\r\n\r\n\r\n<p>A minimum package of health services will also be provided for 500 people without health insurance through an external contract.<\/p>\r\n\r\n\r\n\r\n<p>Last but not least, we will organise support groups for mothers on pre- and post-natal periods. At the same time, for 70 newborns, we will provide a \u201cbaby box\u201d, (diapers, powdered milk, bottles and accessories, clothing, care products, bathtub, trolley, etc.)<\/p>","protected":false},"excerpt":{"rendered":"<p>During the project, a Community Social Centre will be established, which will aim to implement and develop services <a class=\"more-link\" href=\"https:\/\/desegregare.ro\/en\/ingrijim-sanatatea\/\">(&#8230;)<\/a><\/p>","protected":false},"author":1,"featured_media":199,"parent":0,"menu_order":0,"comment_status":"closed","ping_status":"closed","template":"","meta":{"footnotes":""},"class_list":["post-138","page","type-page","status-publish","has-post-thumbnail","hentry"],"yoast_head":"<!-- This site is optimized with the Yoast SEO plugin v24.0 - https:\/\/yoast.com\/wordpress\/plugins\/seo\/ -->\n<title>\u00cengrijim s\u0103n\u0103tatea - Proiect Pata 2.0<\/title>\n<meta name=\"robots\" content=\"index, follow, max-snippet:-1, max-image-preview:large, max-video-preview:-1\" \/>\n<link rel=\"canonical\" href=\"https:\/\/desegregare.ro\/en\/ingrijim-sanatatea\/\" \/>\n<meta property=\"og:locale\" content=\"en_GB\" \/>\n<meta property=\"og:type\" content=\"article\" \/>\n<meta property=\"og:title\" content=\"\u00cengrijim s\u0103n\u0103tatea - Proiect Pata 2.0\" \/>\n<meta property=\"og:description\" content=\"Pe parcursul proiectului, se va \u00eenfiin\u021ba un Centru Social Comunitar, care va avea ca scop implementarea \u0219i dezvoltarea de servicii (...)\" \/>\n<meta property=\"og:url\" content=\"https:\/\/desegregare.ro\/en\/ingrijim-sanatatea\/\" \/>\n<meta property=\"og:site_name\" content=\"Proiect Pata 2.0\" \/>\n<meta property=\"article:publisher\" content=\"https:\/\/www.facebook.com\/ClujMetro\/\" \/>\n<meta property=\"article:modified_time\" content=\"2020-06-05T08:19:43+00:00\" \/>\n<meta property=\"og:image\" content=\"https:\/\/desegregare.ro\/wp-content\/uploads\/2020\/05\/ingrijim-sanatatea.jpg\" \/>\n\t<meta property=\"og:image:width\" content=\"1200\" \/>\n\t<meta property=\"og:image:height\" content=\"800\" \/>\n\t<meta property=\"og:image:type\" content=\"image\/jpeg\" \/>\n<meta name=\"twitter:card\" content=\"summary_large_image\" \/>\n<meta name=\"twitter:site\" content=\"@clujmetro\" \/>\n<meta name=\"twitter:label1\" content=\"Estimated reading time\" \/>\n\t<meta name=\"twitter:data1\" content=\"1 minute\" \/>\n<script type=\"application\/ld+json\" class=\"yoast-schema-graph\">{\"@context\":\"https:\/\/schema.org\",\"@graph\":[{\"@type\":\"WebPage\",\"@id\":\"https:\/\/desegregare.ro\/en\/ingrijim-sanatatea\/\",\"url\":\"https:\/\/desegregare.ro\/en\/ingrijim-sanatatea\/\",\"name\":\"\u00cengrijim s\u0103n\u0103tatea - Proiect Pata 2.0\",\"isPartOf\":{\"@id\":\"https:\/\/desegregare.ro\/#website\"},\"primaryImageOfPage\":{\"@id\":\"https:\/\/desegregare.ro\/en\/ingrijim-sanatatea\/#primaryimage\"},\"image\":{\"@id\":\"https:\/\/desegregare.ro\/en\/ingrijim-sanatatea\/#primaryimage\"},\"thumbnailUrl\":\"https:\/\/desegregare.ro\/wp-content\/uploads\/2020\/05\/ingrijim-sanatatea.jpg\",\"datePublished\":\"2020-05-28T09:25:21+00:00\",\"dateModified\":\"2020-06-05T08:19:43+00:00\",\"breadcrumb\":{\"@id\":\"https:\/\/desegregare.ro\/en\/ingrijim-sanatatea\/#breadcrumb\"},\"inLanguage\":\"en-GB\",\"potentialAction\":[{\"@type\":\"ReadAction\",\"target\":[\"https:\/\/desegregare.ro\/en\/ingrijim-sanatatea\/\"]}]},{\"@type\":\"ImageObject\",\"inLanguage\":\"en-GB\",\"@id\":\"https:\/\/desegregare.ro\/en\/ingrijim-sanatatea\/#primaryimage\",\"url\":\"https:\/\/desegregare.ro\/wp-content\/uploads\/2020\/05\/ingrijim-sanatatea.jpg\",\"contentUrl\":\"https:\/\/desegregare.ro\/wp-content\/uploads\/2020\/05\/ingrijim-sanatatea.jpg\",\"width\":1200,\"height\":800,\"caption\":\"ingrijim-sanatatea\"},{\"@type\":\"BreadcrumbList\",\"@id\":\"https:\/\/desegregare.ro\/en\/ingrijim-sanatatea\/#breadcrumb\",\"itemListElement\":[{\"@type\":\"ListItem\",\"position\":1,\"name\":\"Home\",\"item\":\"https:\/\/desegregare.ro\/\"},{\"@type\":\"ListItem\",\"position\":2,\"name\":\"\u00cengrijim s\u0103n\u0103tatea\"}]},{\"@type\":\"WebSite\",\"@id\":\"https:\/\/desegregare.ro\/#website\",\"url\":\"https:\/\/desegregare.ro\/\",\"name\":\"ZMC | Proiect Pata 2.0\",\"description\":\"Asocia\u0163ia de Dezvoltare Intercomunitar\u0103 Zona Metropolitan\u0103 Cluj\",\"publisher\":{\"@id\":\"https:\/\/desegregare.ro\/#organization\"},\"potentialAction\":[{\"@type\":\"SearchAction\",\"target\":{\"@type\":\"EntryPoint\",\"urlTemplate\":\"https:\/\/desegregare.ro\/?s={search_term_string}\"},\"query-input\":{\"@type\":\"PropertyValueSpecification\",\"valueRequired\":true,\"valueName\":\"search_term_string\"}}],\"inLanguage\":\"en-GB\"},{\"@type\":\"Organization\",\"@id\":\"https:\/\/desegregare.ro\/#organization\",\"name\":\"Zona Metropolitan\u0103 Cluj\",\"url\":\"https:\/\/desegregare.ro\/\",\"logo\":{\"@type\":\"ImageObject\",\"inLanguage\":\"en-GB\",\"@id\":\"https:\/\/desegregare.ro\/#\/schema\/logo\/image\/\",\"url\":\"https:\/\/desegregare.ro\/wp-content\/uploads\/2020\/06\/header_antent.png\",\"contentUrl\":\"https:\/\/desegregare.ro\/wp-content\/uploads\/2020\/06\/header_antent.png\",\"width\":318,\"height\":125,\"caption\":\"Zona Metropolitan\u0103 Cluj\"},\"image\":{\"@id\":\"https:\/\/desegregare.ro\/#\/schema\/logo\/image\/\"},\"sameAs\":[\"https:\/\/www.facebook.com\/ClujMetro\/\",\"https:\/\/x.com\/clujmetro\"]}]}<\/script>\n<!-- \/ Yoast SEO plugin. -->","yoast_head_json":{"title":"\u00cengrijim s\u0103n\u0103tatea - Proiect Pata 2.0","robots":{"index":"index","follow":"follow","max-snippet":"max-snippet:-1","max-image-preview":"max-image-preview:large","max-video-preview":"max-video-preview:-1"},"canonical":"https:\/\/desegregare.ro\/en\/ingrijim-sanatatea\/","og_locale":"en_GB","og_type":"article","og_title":"\u00cengrijim s\u0103n\u0103tatea - Proiect Pata 2.0","og_description":"Pe parcursul proiectului, se va \u00eenfiin\u021ba un Centru Social Comunitar, care va avea ca scop implementarea \u0219i dezvoltarea de servicii (...)","og_url":"https:\/\/desegregare.ro\/en\/ingrijim-sanatatea\/","og_site_name":"Proiect Pata 2.0","article_publisher":"https:\/\/www.facebook.com\/ClujMetro\/","article_modified_time":"2020-06-05T08:19:43+00:00","og_image":[{"width":1200,"height":800,"url":"https:\/\/desegregare.ro\/wp-content\/uploads\/2020\/05\/ingrijim-sanatatea.jpg","type":"image\/jpeg"}],"twitter_card":"summary_large_image","twitter_site":"@clujmetro","twitter_misc":{"Estimated reading time":"1 minute"},"schema":{"@context":"https:\/\/schema.org","@graph":[{"@type":"WebPage","@id":"https:\/\/desegregare.ro\/en\/ingrijim-sanatatea\/","url":"https:\/\/desegregare.ro\/en\/ingrijim-sanatatea\/","name":"\u00cengrijim s\u0103n\u0103tatea - Proiect Pata 2.0","isPartOf":{"@id":"https:\/\/desegregare.ro\/#website"},"primaryImageOfPage":{"@id":"https:\/\/desegregare.ro\/en\/ingrijim-sanatatea\/#primaryimage"},"image":{"@id":"https:\/\/desegregare.ro\/en\/ingrijim-sanatatea\/#primaryimage"},"thumbnailUrl":"https:\/\/desegregare.ro\/wp-content\/uploads\/2020\/05\/ingrijim-sanatatea.jpg","datePublished":"2020-05-28T09:25:21+00:00","dateModified":"2020-06-05T08:19:43+00:00","breadcrumb":{"@id":"https:\/\/desegregare.ro\/en\/ingrijim-sanatatea\/#breadcrumb"},"inLanguage":"en-GB","potentialAction":[{"@type":"ReadAction","target":["https:\/\/desegregare.ro\/en\/ingrijim-sanatatea\/"]}]},{"@type":"ImageObject","inLanguage":"en-GB","@id":"https:\/\/desegregare.ro\/en\/ingrijim-sanatatea\/#primaryimage","url":"https:\/\/desegregare.ro\/wp-content\/uploads\/2020\/05\/ingrijim-sanatatea.jpg","contentUrl":"https:\/\/desegregare.ro\/wp-content\/uploads\/2020\/05\/ingrijim-sanatatea.jpg","width":1200,"height":800,"caption":"ingrijim-sanatatea"},{"@type":"BreadcrumbList","@id":"https:\/\/desegregare.ro\/en\/ingrijim-sanatatea\/#breadcrumb","itemListElement":[{"@type":"ListItem","position":1,"name":"Home","item":"https:\/\/desegregare.ro\/"},{"@type":"ListItem","position":2,"name":"\u00cengrijim s\u0103n\u0103tatea"}]},{"@type":"WebSite","@id":"https:\/\/desegregare.ro\/#website","url":"https:\/\/desegregare.ro\/","name":"ZMC | Proiect Pata 2.0","description":"Asocia\u0163ia de Dezvoltare Intercomunitar\u0103 Zona Metropolitan\u0103 Cluj","publisher":{"@id":"https:\/\/desegregare.ro\/#organization"},"potentialAction":[{"@type":"SearchAction","target":{"@type":"EntryPoint","urlTemplate":"https:\/\/desegregare.ro\/?s={search_term_string}"},"query-input":{"@type":"PropertyValueSpecification","valueRequired":true,"valueName":"search_term_string"}}],"inLanguage":"en-GB"},{"@type":"Organization","@id":"https:\/\/desegregare.ro\/#organization","name":"Zona Metropolitan\u0103 Cluj","url":"https:\/\/desegregare.ro\/","logo":{"@type":"ImageObject","inLanguage":"en-GB","@id":"https:\/\/desegregare.ro\/#\/schema\/logo\/image\/","url":"https:\/\/desegregare.ro\/wp-content\/uploads\/2020\/06\/header_antent.png","contentUrl":"https:\/\/desegregare.ro\/wp-content\/uploads\/2020\/06\/header_antent.png","width":318,"height":125,"caption":"Zona Metropolitan\u0103 Cluj"},"image":{"@id":"https:\/\/desegregare.ro\/#\/schema\/logo\/image\/"},"sameAs":["https:\/\/www.facebook.com\/ClujMetro\/","https:\/\/x.com\/clujmetro"]}]}},"_links":{"self":[{"href":"https:\/\/desegregare.ro\/en\/wp-json\/wp\/v2\/pages\/138"}],"collection":[{"href":"https:\/\/desegregare.ro\/en\/wp-json\/wp\/v2\/pages"}],"about":[{"href":"https:\/\/desegregare.ro\/en\/wp-json\/wp\/v2\/types\/page"}],"author":[{"embeddable":true,"href":"https:\/\/desegregare.ro\/en\/wp-json\/wp\/v2\/users\/1"}],"replies":[{"embeddable":true,"href":"https:\/\/desegregare.ro\/en\/wp-json\/wp\/v2\/comments?post=138"}],"version-history":[{"count":1,"href":"https:\/\/desegregare.ro\/en\/wp-json\/wp\/v2\/pages\/138\/revisions"}],"predecessor-version":[{"id":139,"href":"https:\/\/desegregare.ro\/en\/wp-json\/wp\/v2\/pages\/138\/revisions\/139"}],"wp:featuredmedia":[{"embeddable":true,"href":"https:\/\/desegregare.ro\/en\/wp-json\/wp\/v2\/media\/199"}],"wp:attachment":[{"href":"https:\/\/desegregare.ro\/en\/wp-json\/wp\/v2\/media?parent=138"}],"curies":[{"name":"wp","href":"https:\/\/api.w.org\/{rel}","templated":true}]}}