{"id":140,"date":"2020-05-28T12:26:07","date_gmt":"2020-05-28T09:26:07","guid":{"rendered":"https:\/\/desegregare.ro\/wp\/?page_id=140"},"modified":"2020-05-28T14:16:39","modified_gmt":"2020-05-28T11:16:39","slug":"sustinem-si-instruim-tinerii","status":"publish","type":"page","link":"https:\/\/desegregare.ro\/en\/sustinem-si-instruim-tinerii\/","title":{"rendered":"We support and train young people"},"content":{"rendered":"<p>Throughout the project, we will organise support groups for teenagers from the families of the resettlement program. The target is adolescents aged 12 to 15 years, who have either already moved from the Pata-R\u00e2t area or are in the process of moving.<\/p>\n\n\n\n<p>Support groups ensure the maintenance of social relations with their friends, as well as support for social and psychological assistance, in order to facilitate their integration into the new environment.<\/p>\n\n\n\n<p>Activities will take place weekly in a group of around 20 adolescents. Depending on their needs and expectations, at least twice a year experts on topics related to the personal development and wellbeing of adolescents will be invited.<\/p>\n\n\n\n<p>The group will also take part in at least five cultural or sporting events.<\/p>","protected":false},"excerpt":{"rendered":"<p>Throughout the project, we will organise support groups for teenagers from the families of the resettlement program. <a class=\"more-link\" href=\"https:\/\/desegregare.ro\/en\/sustinem-si-instruim-tinerii\/\">(&#8230;)<\/a><\/p>","protected":false},"author":1,"featured_media":198,"parent":0,"menu_order":0,"comment_status":"closed","ping_status":"closed","template":"","meta":{"footnotes":""},"class_list":["post-140","page","type-page","status-publish","has-post-thumbnail","hentry"],"yoast_head":"<!-- This site is optimized with the Yoast SEO plugin v24.0 - https:\/\/yoast.com\/wordpress\/plugins\/seo\/ -->\n<title>Sus\u021binem \u0219i instruim tinerii - Proiect Pata 2.0<\/title>\n<meta name=\"robots\" content=\"index, follow, max-snippet:-1, max-image-preview:large, max-video-preview:-1\" \/>\n<link rel=\"canonical\" href=\"https:\/\/desegregare.ro\/en\/sustinem-si-instruim-tinerii\/\" \/>\n<meta property=\"og:locale\" content=\"en_GB\" \/>\n<meta property=\"og:type\" content=\"article\" \/>\n<meta property=\"og:title\" content=\"Sus\u021binem \u0219i instruim tinerii - Proiect Pata 2.0\" \/>\n<meta property=\"og:description\" content=\"De-a lungul proiectului, vom organiza grupuri de suport pentru adolescen\u021bii din familiile programului de relocare. Viza\u021bi sunt adolescen\u021bii cu v\u00e2rsta (...)\" \/>\n<meta property=\"og:url\" content=\"https:\/\/desegregare.ro\/en\/sustinem-si-instruim-tinerii\/\" \/>\n<meta property=\"og:site_name\" content=\"Proiect Pata 2.0\" \/>\n<meta property=\"article:publisher\" content=\"https:\/\/www.facebook.com\/ClujMetro\/\" \/>\n<meta property=\"article:modified_time\" content=\"2020-05-28T11:16:39+00:00\" \/>\n<meta property=\"og:image\" content=\"https:\/\/desegregare.ro\/wp-content\/uploads\/2020\/05\/sustinem-tinerii.jpg\" \/>\n\t<meta property=\"og:image:width\" content=\"1200\" \/>\n\t<meta property=\"og:image:height\" content=\"800\" \/>\n\t<meta property=\"og:image:type\" content=\"image\/jpeg\" \/>\n<meta name=\"twitter:card\" content=\"summary_large_image\" \/>\n<meta name=\"twitter:site\" content=\"@clujmetro\" \/>\n<meta name=\"twitter:label1\" content=\"Estimated reading time\" \/>\n\t<meta name=\"twitter:data1\" content=\"1 minute\" \/>\n<script type=\"application\/ld+json\" class=\"yoast-schema-graph\">{\"@context\":\"https:\/\/schema.org\",\"@graph\":[{\"@type\":\"WebPage\",\"@id\":\"https:\/\/desegregare.ro\/sustinem-si-instruim-tinerii\/\",\"url\":\"https:\/\/desegregare.ro\/sustinem-si-instruim-tinerii\/\",\"name\":\"Sus\u021binem \u0219i instruim tinerii - Proiect Pata 2.0\",\"isPartOf\":{\"@id\":\"https:\/\/desegregare.ro\/#website\"},\"primaryImageOfPage\":{\"@id\":\"https:\/\/desegregare.ro\/sustinem-si-instruim-tinerii\/#primaryimage\"},\"image\":{\"@id\":\"https:\/\/desegregare.ro\/sustinem-si-instruim-tinerii\/#primaryimage\"},\"thumbnailUrl\":\"https:\/\/desegregare.ro\/wp-content\/uploads\/2020\/05\/sustinem-tinerii.jpg\",\"datePublished\":\"2020-05-28T09:26:07+00:00\",\"dateModified\":\"2020-05-28T11:16:39+00:00\",\"breadcrumb\":{\"@id\":\"https:\/\/desegregare.ro\/sustinem-si-instruim-tinerii\/#breadcrumb\"},\"inLanguage\":\"en-GB\",\"potentialAction\":[{\"@type\":\"ReadAction\",\"target\":[\"https:\/\/desegregare.ro\/sustinem-si-instruim-tinerii\/\"]}]},{\"@type\":\"ImageObject\",\"inLanguage\":\"en-GB\",\"@id\":\"https:\/\/desegregare.ro\/sustinem-si-instruim-tinerii\/#primaryimage\",\"url\":\"https:\/\/desegregare.ro\/wp-content\/uploads\/2020\/05\/sustinem-tinerii.jpg\",\"contentUrl\":\"https:\/\/desegregare.ro\/wp-content\/uploads\/2020\/05\/sustinem-tinerii.jpg\",\"width\":1200,\"height\":800,\"caption\":\"sustinem-tinerii\"},{\"@type\":\"BreadcrumbList\",\"@id\":\"https:\/\/desegregare.ro\/sustinem-si-instruim-tinerii\/#breadcrumb\",\"itemListElement\":[{\"@type\":\"ListItem\",\"position\":1,\"name\":\"Home\",\"item\":\"https:\/\/desegregare.ro\/\"},{\"@type\":\"ListItem\",\"position\":2,\"name\":\"Sus\u021binem \u0219i instruim tinerii\"}]},{\"@type\":\"WebSite\",\"@id\":\"https:\/\/desegregare.ro\/#website\",\"url\":\"https:\/\/desegregare.ro\/\",\"name\":\"ZMC | Proiect Pata 2.0\",\"description\":\"Asocia\u0163ia de Dezvoltare Intercomunitar\u0103 Zona Metropolitan\u0103 Cluj\",\"publisher\":{\"@id\":\"https:\/\/desegregare.ro\/#organization\"},\"potentialAction\":[{\"@type\":\"SearchAction\",\"target\":{\"@type\":\"EntryPoint\",\"urlTemplate\":\"https:\/\/desegregare.ro\/?s={search_term_string}\"},\"query-input\":{\"@type\":\"PropertyValueSpecification\",\"valueRequired\":true,\"valueName\":\"search_term_string\"}}],\"inLanguage\":\"en-GB\"},{\"@type\":\"Organization\",\"@id\":\"https:\/\/desegregare.ro\/#organization\",\"name\":\"Zona Metropolitan\u0103 Cluj\",\"url\":\"https:\/\/desegregare.ro\/\",\"logo\":{\"@type\":\"ImageObject\",\"inLanguage\":\"en-GB\",\"@id\":\"https:\/\/desegregare.ro\/#\/schema\/logo\/image\/\",\"url\":\"https:\/\/desegregare.ro\/wp-content\/uploads\/2020\/06\/header_antent.png\",\"contentUrl\":\"https:\/\/desegregare.ro\/wp-content\/uploads\/2020\/06\/header_antent.png\",\"width\":318,\"height\":125,\"caption\":\"Zona Metropolitan\u0103 Cluj\"},\"image\":{\"@id\":\"https:\/\/desegregare.ro\/#\/schema\/logo\/image\/\"},\"sameAs\":[\"https:\/\/www.facebook.com\/ClujMetro\/\",\"https:\/\/x.com\/clujmetro\"]}]}<\/script>\n<!-- \/ Yoast SEO plugin. -->","yoast_head_json":{"title":"Sus\u021binem \u0219i instruim tinerii - Proiect Pata 2.0","robots":{"index":"index","follow":"follow","max-snippet":"max-snippet:-1","max-image-preview":"max-image-preview:large","max-video-preview":"max-video-preview:-1"},"canonical":"https:\/\/desegregare.ro\/en\/sustinem-si-instruim-tinerii\/","og_locale":"en_GB","og_type":"article","og_title":"Sus\u021binem \u0219i instruim tinerii - Proiect Pata 2.0","og_description":"De-a lungul proiectului, vom organiza grupuri de suport pentru adolescen\u021bii din familiile programului de relocare. Viza\u021bi sunt adolescen\u021bii cu v\u00e2rsta (...)","og_url":"https:\/\/desegregare.ro\/en\/sustinem-si-instruim-tinerii\/","og_site_name":"Proiect Pata 2.0","article_publisher":"https:\/\/www.facebook.com\/ClujMetro\/","article_modified_time":"2020-05-28T11:16:39+00:00","og_image":[{"width":1200,"height":800,"url":"https:\/\/desegregare.ro\/wp-content\/uploads\/2020\/05\/sustinem-tinerii.jpg","type":"image\/jpeg"}],"twitter_card":"summary_large_image","twitter_site":"@clujmetro","twitter_misc":{"Estimated reading time":"1 minute"},"schema":{"@context":"https:\/\/schema.org","@graph":[{"@type":"WebPage","@id":"https:\/\/desegregare.ro\/sustinem-si-instruim-tinerii\/","url":"https:\/\/desegregare.ro\/sustinem-si-instruim-tinerii\/","name":"Sus\u021binem \u0219i instruim tinerii - Proiect Pata 2.0","isPartOf":{"@id":"https:\/\/desegregare.ro\/#website"},"primaryImageOfPage":{"@id":"https:\/\/desegregare.ro\/sustinem-si-instruim-tinerii\/#primaryimage"},"image":{"@id":"https:\/\/desegregare.ro\/sustinem-si-instruim-tinerii\/#primaryimage"},"thumbnailUrl":"https:\/\/desegregare.ro\/wp-content\/uploads\/2020\/05\/sustinem-tinerii.jpg","datePublished":"2020-05-28T09:26:07+00:00","dateModified":"2020-05-28T11:16:39+00:00","breadcrumb":{"@id":"https:\/\/desegregare.ro\/sustinem-si-instruim-tinerii\/#breadcrumb"},"inLanguage":"en-GB","potentialAction":[{"@type":"ReadAction","target":["https:\/\/desegregare.ro\/sustinem-si-instruim-tinerii\/"]}]},{"@type":"ImageObject","inLanguage":"en-GB","@id":"https:\/\/desegregare.ro\/sustinem-si-instruim-tinerii\/#primaryimage","url":"https:\/\/desegregare.ro\/wp-content\/uploads\/2020\/05\/sustinem-tinerii.jpg","contentUrl":"https:\/\/desegregare.ro\/wp-content\/uploads\/2020\/05\/sustinem-tinerii.jpg","width":1200,"height":800,"caption":"sustinem-tinerii"},{"@type":"BreadcrumbList","@id":"https:\/\/desegregare.ro\/sustinem-si-instruim-tinerii\/#breadcrumb","itemListElement":[{"@type":"ListItem","position":1,"name":"Home","item":"https:\/\/desegregare.ro\/"},{"@type":"ListItem","position":2,"name":"Sus\u021binem \u0219i instruim tinerii"}]},{"@type":"WebSite","@id":"https:\/\/desegregare.ro\/#website","url":"https:\/\/desegregare.ro\/","name":"ZMC | Proiect Pata 2.0","description":"Asocia\u0163ia de Dezvoltare Intercomunitar\u0103 Zona Metropolitan\u0103 Cluj","publisher":{"@id":"https:\/\/desegregare.ro\/#organization"},"potentialAction":[{"@type":"SearchAction","target":{"@type":"EntryPoint","urlTemplate":"https:\/\/desegregare.ro\/?s={search_term_string}"},"query-input":{"@type":"PropertyValueSpecification","valueRequired":true,"valueName":"search_term_string"}}],"inLanguage":"en-GB"},{"@type":"Organization","@id":"https:\/\/desegregare.ro\/#organization","name":"Zona Metropolitan\u0103 Cluj","url":"https:\/\/desegregare.ro\/","logo":{"@type":"ImageObject","inLanguage":"en-GB","@id":"https:\/\/desegregare.ro\/#\/schema\/logo\/image\/","url":"https:\/\/desegregare.ro\/wp-content\/uploads\/2020\/06\/header_antent.png","contentUrl":"https:\/\/desegregare.ro\/wp-content\/uploads\/2020\/06\/header_antent.png","width":318,"height":125,"caption":"Zona Metropolitan\u0103 Cluj"},"image":{"@id":"https:\/\/desegregare.ro\/#\/schema\/logo\/image\/"},"sameAs":["https:\/\/www.facebook.com\/ClujMetro\/","https:\/\/x.com\/clujmetro"]}]}},"_links":{"self":[{"href":"https:\/\/desegregare.ro\/en\/wp-json\/wp\/v2\/pages\/140"}],"collection":[{"href":"https:\/\/desegregare.ro\/en\/wp-json\/wp\/v2\/pages"}],"about":[{"href":"https:\/\/desegregare.ro\/en\/wp-json\/wp\/v2\/types\/page"}],"author":[{"embeddable":true,"href":"https:\/\/desegregare.ro\/en\/wp-json\/wp\/v2\/users\/1"}],"replies":[{"embeddable":true,"href":"https:\/\/desegregare.ro\/en\/wp-json\/wp\/v2\/comments?post=140"}],"version-history":[{"count":1,"href":"https:\/\/desegregare.ro\/en\/wp-json\/wp\/v2\/pages\/140\/revisions"}],"predecessor-version":[{"id":141,"href":"https:\/\/desegregare.ro\/en\/wp-json\/wp\/v2\/pages\/140\/revisions\/141"}],"wp:featuredmedia":[{"embeddable":true,"href":"https:\/\/desegregare.ro\/en\/wp-json\/wp\/v2\/media\/198"}],"wp:attachment":[{"href":"https:\/\/desegregare.ro\/en\/wp-json\/wp\/v2\/media?parent=140"}],"curies":[{"name":"wp","href":"https:\/\/api.w.org\/{rel}","templated":true}]}}