{"id":142,"date":"2020-05-28T12:26:53","date_gmt":"2020-05-28T09:26:53","guid":{"rendered":"https:\/\/desegregare.ro\/wp\/?page_id=142"},"modified":"2020-06-01T11:44:09","modified_gmt":"2020-06-01T08:44:09","slug":"propunem-politici-publice","status":"publish","type":"page","link":"https:\/\/desegregare.ro\/en\/propunem-politici-publice\/","title":{"rendered":"We draw public policies"},"content":{"rendered":"<p>In the course of the project, a participatory methodology for the resettlement and inclusion of low-income families from segregated marginalised areas will be developed in a participatory manner. It will contain the three stages of resettlement: the selection of beneficiaries, the preparation of resettlement at the community level and family and post-relocation assistance respectively.<\/p>\r\n\r\n\r\n\r\n<p>To this end, four consultation meetings will be held in the four communities of Paa-R\u00e2t, 100 structured interviews with community members will be conducted, and eight interviews and a focus group with professionals. Two focus groups with previously resettled families, four with families undergoing resettlement and a focus group with relevant actors from local communities where they are moving will also be carried out. After the move, 12 families will be consulted and a focus will be made with the stakeholder group.<\/p>\r\n\r\n\r\n\r\n<p>Finally, we will develop a set of recommendations to review local public policies on social tenure and the prevention of evictions for low-income or socially marginalised families. We will use the experience gained by the project\u2019s external partners, i.e. the Norwegian city of Bergen.<\/p>","protected":false},"excerpt":{"rendered":"<p>A replicable methodology for the resettlement and inclusion of low-income families will be developed in a participatory manner throughout the project <a class=\"more-link\" href=\"https:\/\/desegregare.ro\/en\/propunem-politici-publice\/\">(&#8230;)<\/a><\/p>","protected":false},"author":1,"featured_media":367,"parent":0,"menu_order":0,"comment_status":"closed","ping_status":"closed","template":"","meta":{"footnotes":""},"class_list":["post-142","page","type-page","status-publish","has-post-thumbnail","hentry"],"yoast_head":"<!-- This site is optimized with the Yoast SEO plugin v24.0 - https:\/\/yoast.com\/wordpress\/plugins\/seo\/ -->\n<title>Propunem politici publice - Proiect Pata 2.0<\/title>\n<meta name=\"robots\" content=\"index, follow, max-snippet:-1, max-image-preview:large, max-video-preview:-1\" \/>\n<link rel=\"canonical\" href=\"https:\/\/desegregare.ro\/en\/propunem-politici-publice\/\" \/>\n<meta property=\"og:locale\" content=\"en_GB\" \/>\n<meta property=\"og:type\" content=\"article\" \/>\n<meta property=\"og:title\" content=\"Propunem politici publice - Proiect Pata 2.0\" \/>\n<meta property=\"og:description\" content=\"Pe parcursul proiectului, se va elabora \u00een mod participativ o metodologie replicabil\u0103 de relocare \u0219i incluziune a familiilor cu venituri (...)\" \/>\n<meta property=\"og:url\" content=\"https:\/\/desegregare.ro\/en\/propunem-politici-publice\/\" \/>\n<meta property=\"og:site_name\" content=\"Proiect Pata 2.0\" \/>\n<meta property=\"article:publisher\" content=\"https:\/\/www.facebook.com\/ClujMetro\/\" \/>\n<meta property=\"article:modified_time\" content=\"2020-06-01T08:44:09+00:00\" \/>\n<meta property=\"og:image\" content=\"https:\/\/desegregare.ro\/wp-content\/uploads\/2020\/06\/featured.jpg\" \/>\n\t<meta property=\"og:image:width\" content=\"1200\" \/>\n\t<meta property=\"og:image:height\" content=\"694\" \/>\n\t<meta property=\"og:image:type\" content=\"image\/jpeg\" \/>\n<meta name=\"twitter:card\" content=\"summary_large_image\" \/>\n<meta name=\"twitter:site\" content=\"@clujmetro\" \/>\n<meta name=\"twitter:label1\" content=\"Estimated reading time\" \/>\n\t<meta name=\"twitter:data1\" content=\"1 minute\" \/>\n<script type=\"application\/ld+json\" class=\"yoast-schema-graph\">{\"@context\":\"https:\/\/schema.org\",\"@graph\":[{\"@type\":\"WebPage\",\"@id\":\"https:\/\/desegregare.ro\/en\/propunem-politici-publice\/\",\"url\":\"https:\/\/desegregare.ro\/en\/propunem-politici-publice\/\",\"name\":\"Propunem politici publice - Proiect Pata 2.0\",\"isPartOf\":{\"@id\":\"https:\/\/desegregare.ro\/#website\"},\"primaryImageOfPage\":{\"@id\":\"https:\/\/desegregare.ro\/en\/propunem-politici-publice\/#primaryimage\"},\"image\":{\"@id\":\"https:\/\/desegregare.ro\/en\/propunem-politici-publice\/#primaryimage\"},\"thumbnailUrl\":\"https:\/\/desegregare.ro\/wp-content\/uploads\/2020\/06\/featured.jpg\",\"datePublished\":\"2020-05-28T09:26:53+00:00\",\"dateModified\":\"2020-06-01T08:44:09+00:00\",\"breadcrumb\":{\"@id\":\"https:\/\/desegregare.ro\/en\/propunem-politici-publice\/#breadcrumb\"},\"inLanguage\":\"en-GB\",\"potentialAction\":[{\"@type\":\"ReadAction\",\"target\":[\"https:\/\/desegregare.ro\/en\/propunem-politici-publice\/\"]}]},{\"@type\":\"ImageObject\",\"inLanguage\":\"en-GB\",\"@id\":\"https:\/\/desegregare.ro\/en\/propunem-politici-publice\/#primaryimage\",\"url\":\"https:\/\/desegregare.ro\/wp-content\/uploads\/2020\/06\/featured.jpg\",\"contentUrl\":\"https:\/\/desegregare.ro\/wp-content\/uploads\/2020\/06\/featured.jpg\",\"width\":1200,\"height\":694},{\"@type\":\"BreadcrumbList\",\"@id\":\"https:\/\/desegregare.ro\/en\/propunem-politici-publice\/#breadcrumb\",\"itemListElement\":[{\"@type\":\"ListItem\",\"position\":1,\"name\":\"Home\",\"item\":\"https:\/\/desegregare.ro\/\"},{\"@type\":\"ListItem\",\"position\":2,\"name\":\"Propunem politici publice\"}]},{\"@type\":\"WebSite\",\"@id\":\"https:\/\/desegregare.ro\/#website\",\"url\":\"https:\/\/desegregare.ro\/\",\"name\":\"ZMC | Proiect Pata 2.0\",\"description\":\"Asocia\u0163ia de Dezvoltare Intercomunitar\u0103 Zona Metropolitan\u0103 Cluj\",\"publisher\":{\"@id\":\"https:\/\/desegregare.ro\/#organization\"},\"potentialAction\":[{\"@type\":\"SearchAction\",\"target\":{\"@type\":\"EntryPoint\",\"urlTemplate\":\"https:\/\/desegregare.ro\/?s={search_term_string}\"},\"query-input\":{\"@type\":\"PropertyValueSpecification\",\"valueRequired\":true,\"valueName\":\"search_term_string\"}}],\"inLanguage\":\"en-GB\"},{\"@type\":\"Organization\",\"@id\":\"https:\/\/desegregare.ro\/#organization\",\"name\":\"Zona Metropolitan\u0103 Cluj\",\"url\":\"https:\/\/desegregare.ro\/\",\"logo\":{\"@type\":\"ImageObject\",\"inLanguage\":\"en-GB\",\"@id\":\"https:\/\/desegregare.ro\/#\/schema\/logo\/image\/\",\"url\":\"https:\/\/desegregare.ro\/wp-content\/uploads\/2020\/06\/header_antent.png\",\"contentUrl\":\"https:\/\/desegregare.ro\/wp-content\/uploads\/2020\/06\/header_antent.png\",\"width\":318,\"height\":125,\"caption\":\"Zona Metropolitan\u0103 Cluj\"},\"image\":{\"@id\":\"https:\/\/desegregare.ro\/#\/schema\/logo\/image\/\"},\"sameAs\":[\"https:\/\/www.facebook.com\/ClujMetro\/\",\"https:\/\/x.com\/clujmetro\"]}]}<\/script>\n<!-- \/ Yoast SEO plugin. -->","yoast_head_json":{"title":"Propunem politici publice - Proiect Pata 2.0","robots":{"index":"index","follow":"follow","max-snippet":"max-snippet:-1","max-image-preview":"max-image-preview:large","max-video-preview":"max-video-preview:-1"},"canonical":"https:\/\/desegregare.ro\/en\/propunem-politici-publice\/","og_locale":"en_GB","og_type":"article","og_title":"Propunem politici publice - Proiect Pata 2.0","og_description":"Pe parcursul proiectului, se va elabora \u00een mod participativ o metodologie replicabil\u0103 de relocare \u0219i incluziune a familiilor cu venituri (...)","og_url":"https:\/\/desegregare.ro\/en\/propunem-politici-publice\/","og_site_name":"Proiect Pata 2.0","article_publisher":"https:\/\/www.facebook.com\/ClujMetro\/","article_modified_time":"2020-06-01T08:44:09+00:00","og_image":[{"width":1200,"height":694,"url":"https:\/\/desegregare.ro\/wp-content\/uploads\/2020\/06\/featured.jpg","type":"image\/jpeg"}],"twitter_card":"summary_large_image","twitter_site":"@clujmetro","twitter_misc":{"Estimated reading time":"1 minute"},"schema":{"@context":"https:\/\/schema.org","@graph":[{"@type":"WebPage","@id":"https:\/\/desegregare.ro\/en\/propunem-politici-publice\/","url":"https:\/\/desegregare.ro\/en\/propunem-politici-publice\/","name":"Propunem politici publice - Proiect Pata 2.0","isPartOf":{"@id":"https:\/\/desegregare.ro\/#website"},"primaryImageOfPage":{"@id":"https:\/\/desegregare.ro\/en\/propunem-politici-publice\/#primaryimage"},"image":{"@id":"https:\/\/desegregare.ro\/en\/propunem-politici-publice\/#primaryimage"},"thumbnailUrl":"https:\/\/desegregare.ro\/wp-content\/uploads\/2020\/06\/featured.jpg","datePublished":"2020-05-28T09:26:53+00:00","dateModified":"2020-06-01T08:44:09+00:00","breadcrumb":{"@id":"https:\/\/desegregare.ro\/en\/propunem-politici-publice\/#breadcrumb"},"inLanguage":"en-GB","potentialAction":[{"@type":"ReadAction","target":["https:\/\/desegregare.ro\/en\/propunem-politici-publice\/"]}]},{"@type":"ImageObject","inLanguage":"en-GB","@id":"https:\/\/desegregare.ro\/en\/propunem-politici-publice\/#primaryimage","url":"https:\/\/desegregare.ro\/wp-content\/uploads\/2020\/06\/featured.jpg","contentUrl":"https:\/\/desegregare.ro\/wp-content\/uploads\/2020\/06\/featured.jpg","width":1200,"height":694},{"@type":"BreadcrumbList","@id":"https:\/\/desegregare.ro\/en\/propunem-politici-publice\/#breadcrumb","itemListElement":[{"@type":"ListItem","position":1,"name":"Home","item":"https:\/\/desegregare.ro\/"},{"@type":"ListItem","position":2,"name":"Propunem politici publice"}]},{"@type":"WebSite","@id":"https:\/\/desegregare.ro\/#website","url":"https:\/\/desegregare.ro\/","name":"ZMC | Proiect Pata 2.0","description":"Asocia\u0163ia de Dezvoltare Intercomunitar\u0103 Zona Metropolitan\u0103 Cluj","publisher":{"@id":"https:\/\/desegregare.ro\/#organization"},"potentialAction":[{"@type":"SearchAction","target":{"@type":"EntryPoint","urlTemplate":"https:\/\/desegregare.ro\/?s={search_term_string}"},"query-input":{"@type":"PropertyValueSpecification","valueRequired":true,"valueName":"search_term_string"}}],"inLanguage":"en-GB"},{"@type":"Organization","@id":"https:\/\/desegregare.ro\/#organization","name":"Zona Metropolitan\u0103 Cluj","url":"https:\/\/desegregare.ro\/","logo":{"@type":"ImageObject","inLanguage":"en-GB","@id":"https:\/\/desegregare.ro\/#\/schema\/logo\/image\/","url":"https:\/\/desegregare.ro\/wp-content\/uploads\/2020\/06\/header_antent.png","contentUrl":"https:\/\/desegregare.ro\/wp-content\/uploads\/2020\/06\/header_antent.png","width":318,"height":125,"caption":"Zona Metropolitan\u0103 Cluj"},"image":{"@id":"https:\/\/desegregare.ro\/#\/schema\/logo\/image\/"},"sameAs":["https:\/\/www.facebook.com\/ClujMetro\/","https:\/\/x.com\/clujmetro"]}]}},"_links":{"self":[{"href":"https:\/\/desegregare.ro\/en\/wp-json\/wp\/v2\/pages\/142"}],"collection":[{"href":"https:\/\/desegregare.ro\/en\/wp-json\/wp\/v2\/pages"}],"about":[{"href":"https:\/\/desegregare.ro\/en\/wp-json\/wp\/v2\/types\/page"}],"author":[{"embeddable":true,"href":"https:\/\/desegregare.ro\/en\/wp-json\/wp\/v2\/users\/1"}],"replies":[{"embeddable":true,"href":"https:\/\/desegregare.ro\/en\/wp-json\/wp\/v2\/comments?post=142"}],"version-history":[{"count":2,"href":"https:\/\/desegregare.ro\/en\/wp-json\/wp\/v2\/pages\/142\/revisions"}],"predecessor-version":[{"id":368,"href":"https:\/\/desegregare.ro\/en\/wp-json\/wp\/v2\/pages\/142\/revisions\/368"}],"wp:featuredmedia":[{"embeddable":true,"href":"https:\/\/desegregare.ro\/en\/wp-json\/wp\/v2\/media\/367"}],"wp:attachment":[{"href":"https:\/\/desegregare.ro\/en\/wp-json\/wp\/v2\/media?parent=142"}],"curies":[{"name":"wp","href":"https:\/\/api.w.org\/{rel}","templated":true}]}}