{"id":144,"date":"2020-05-28T12:27:52","date_gmt":"2020-05-28T09:27:52","guid":{"rendered":"https:\/\/desegregare.ro\/wp\/?page_id=144"},"modified":"2020-06-15T15:08:33","modified_gmt":"2020-06-15T12:08:33","slug":"ce-facem","status":"publish","type":"page","link":"https:\/\/desegregare.ro\/en\/ce-facem\/","title":{"rendered":"What we do"},"content":{"rendered":"<p>The project \u201eReplicable integrated interventions for inclusive housing and tackling marginalization in Cluj Metropolitan Area\u201d (Pata 2) aims to continue the process of desegregation in the disadvantaged community from Pata-R\u00e2t, started by the project \u201cPata-Cluj, an integrated approach to social inclusion\u201d, completed on 20 April 2017.<br \/><br \/>The current project has a twofold general objective:<br \/><br \/><strong>Firstly<\/strong>, it seeks to reduce the housing, social and economic disparities between the area under Pata-R\u00e2t and the majority population in Cluj-Napoca.<br \/><br \/><strong>Secondly, <\/strong>it aims to combat the risk of social exclusion among other poor families in the Cluj Metropolitan Area, especially Roma families, but not only , which, in the absence of the support offered by the project, could be constrained by economic and social circumstances to move to Pata-R\u00e2t or other marginalised areas.<\/p>\r\n\r\n\r\n\r\n\r\n\r\n<p><strong>Specific aims of the project:<\/strong><\/p>\r\n\r\n\r\n\r\n<p>1. Continue the desegregation of the marginalised urban area Pata-R\u00e2t by ensuring a minimum of 30 decent social housing and the implementation of the<em>\u201eReplicable methodology for Resettlement and Inclusion of low-income families from segregated marginalised areas<\/em>\u201d. The programme will include the selection of beneficiary families, preparation of movement and post-movement assistance for a minimum of 30 families over a period of 36 months.<\/p>\r\n\r\n\r\n\r\n<p>2. Facilitate social inclusion for 1.550 people at risk of poverty and social exclusion: 720 residents in the marginalised urban area Pata-R\u00e2t and at least 30 other people at risk of poverty and social exclusion will benefit from support for accessing quality public services (psycho-social, educational, health and urban transport) during the 36 months of the project; A minimum of 800 children in classes 1 to 4 in the metropolitan area will benefit from non-formal education support services that improve their skills, school attendance and reduce drop-out rates.<\/p>\r\n\r\n\r\n\r\n<p>3. Increase the institutional capacity to respond to the needs of marginalised groups and by developing the<em>\u201eReplicable methodology for Resettlement and Inclusion of low-income families from segregated marginalised areas<\/em>\u201d, the training of 30 professionals, including relevant staff in the public social welfare service for the implementation of the methodology, the learning from Norwegian good practices, and and formulating in a participatory way a set of public policy recommendations for housing in the 36 months of the project<\/p>\r\n\r\n\r\n\r\n<p>The project is carried out at the level of the Municipality of Cluj-Napoca and the Cluj Metropolitan Area, between 18.12.2019 and 18.12.2022. The value of the contract is RON 20.439.118,69, of which the EEA\/Norwegian grant amounts to 17.373.250,88 lei and the public co-financing 3.065.867,80 lei<\/p>\r\n\r\n\r\n\r\n<p>Funding is provided by the \u201cLocal Development, Poverty Reduction and Roma Inclusion Programme\u201d, supported by the EEA and Norway Grants, operated by the Romanian Social Development Fund.<\/p>","protected":false},"excerpt":{"rendered":"<p>Proiectul \u201eInterven\u021bii integrate replicabile pentru locuire incluziv\u0103 \u0219i combaterea marginaliz\u0103rii \u00een Zona Metropolitan\u0103 Cluj\u201d (prescurtat, Pata 2) \u00ee\u0219i propune s\u0103 <a class=\"more-link\" href=\"https:\/\/desegregare.ro\/en\/ce-facem\/\">(&#8230;)<\/a><\/p>","protected":false},"author":2,"featured_media":216,"parent":0,"menu_order":0,"comment_status":"closed","ping_status":"closed","template":"","meta":{"footnotes":""},"class_list":["post-144","page","type-page","status-publish","has-post-thumbnail","hentry"],"yoast_head":"<!-- This site is optimized with the Yoast SEO plugin v24.0 - https:\/\/yoast.com\/wordpress\/plugins\/seo\/ -->\n<title>Ce facem - Proiect Pata 2.0<\/title>\n<meta name=\"robots\" content=\"index, follow, max-snippet:-1, max-image-preview:large, max-video-preview:-1\" \/>\n<link rel=\"canonical\" href=\"https:\/\/desegregare.ro\/en\/ce-facem\/\" \/>\n<meta property=\"og:locale\" content=\"en_GB\" \/>\n<meta property=\"og:type\" content=\"article\" \/>\n<meta property=\"og:title\" content=\"Ce facem - Proiect Pata 2.0\" \/>\n<meta property=\"og:description\" content=\"Proiectul \u201eInterven\u021bii integrate replicabile pentru locuire incluziv\u0103 \u0219i combaterea marginaliz\u0103rii \u00een Zona Metropolitan\u0103 Cluj\u201d (prescurtat, Pata 2) \u00ee\u0219i propune s\u0103 (...)\" \/>\n<meta property=\"og:url\" content=\"https:\/\/desegregare.ro\/en\/ce-facem\/\" \/>\n<meta property=\"og:site_name\" content=\"Proiect Pata 2.0\" \/>\n<meta property=\"article:publisher\" content=\"https:\/\/www.facebook.com\/ClujMetro\/\" \/>\n<meta property=\"article:modified_time\" content=\"2020-06-15T12:08:33+00:00\" \/>\n<meta property=\"og:image\" content=\"https:\/\/desegregare.ro\/wp-content\/uploads\/2020\/05\/featured-project-logo-5.png\" \/>\n\t<meta property=\"og:image:width\" content=\"1200\" \/>\n\t<meta property=\"og:image:height\" content=\"744\" \/>\n\t<meta property=\"og:image:type\" content=\"image\/png\" \/>\n<meta name=\"twitter:card\" content=\"summary_large_image\" \/>\n<meta name=\"twitter:site\" content=\"@clujmetro\" \/>\n<meta name=\"twitter:label1\" content=\"Estimated reading time\" \/>\n\t<meta name=\"twitter:data1\" content=\"2 minutes\" \/>\n<script type=\"application\/ld+json\" class=\"yoast-schema-graph\">{\"@context\":\"https:\/\/schema.org\",\"@graph\":[{\"@type\":\"WebPage\",\"@id\":\"https:\/\/desegregare.ro\/ce-facem\/\",\"url\":\"https:\/\/desegregare.ro\/ce-facem\/\",\"name\":\"Ce facem - Proiect Pata 2.0\",\"isPartOf\":{\"@id\":\"https:\/\/desegregare.ro\/#website\"},\"primaryImageOfPage\":{\"@id\":\"https:\/\/desegregare.ro\/ce-facem\/#primaryimage\"},\"image\":{\"@id\":\"https:\/\/desegregare.ro\/ce-facem\/#primaryimage\"},\"thumbnailUrl\":\"https:\/\/desegregare.ro\/wp-content\/uploads\/2020\/05\/featured-project-logo-5.png\",\"datePublished\":\"2020-05-28T09:27:52+00:00\",\"dateModified\":\"2020-06-15T12:08:33+00:00\",\"breadcrumb\":{\"@id\":\"https:\/\/desegregare.ro\/ce-facem\/#breadcrumb\"},\"inLanguage\":\"en-GB\",\"potentialAction\":[{\"@type\":\"ReadAction\",\"target\":[\"https:\/\/desegregare.ro\/ce-facem\/\"]}]},{\"@type\":\"ImageObject\",\"inLanguage\":\"en-GB\",\"@id\":\"https:\/\/desegregare.ro\/ce-facem\/#primaryimage\",\"url\":\"https:\/\/desegregare.ro\/wp-content\/uploads\/2020\/05\/featured-project-logo-5.png\",\"contentUrl\":\"https:\/\/desegregare.ro\/wp-content\/uploads\/2020\/05\/featured-project-logo-5.png\",\"width\":1200,\"height\":744},{\"@type\":\"BreadcrumbList\",\"@id\":\"https:\/\/desegregare.ro\/ce-facem\/#breadcrumb\",\"itemListElement\":[{\"@type\":\"ListItem\",\"position\":1,\"name\":\"Home\",\"item\":\"https:\/\/desegregare.ro\/\"},{\"@type\":\"ListItem\",\"position\":2,\"name\":\"Ce facem\"}]},{\"@type\":\"WebSite\",\"@id\":\"https:\/\/desegregare.ro\/#website\",\"url\":\"https:\/\/desegregare.ro\/\",\"name\":\"ZMC | Proiect Pata 2.0\",\"description\":\"Asocia\u0163ia de Dezvoltare Intercomunitar\u0103 Zona Metropolitan\u0103 Cluj\",\"publisher\":{\"@id\":\"https:\/\/desegregare.ro\/#organization\"},\"potentialAction\":[{\"@type\":\"SearchAction\",\"target\":{\"@type\":\"EntryPoint\",\"urlTemplate\":\"https:\/\/desegregare.ro\/?s={search_term_string}\"},\"query-input\":{\"@type\":\"PropertyValueSpecification\",\"valueRequired\":true,\"valueName\":\"search_term_string\"}}],\"inLanguage\":\"en-GB\"},{\"@type\":\"Organization\",\"@id\":\"https:\/\/desegregare.ro\/#organization\",\"name\":\"Zona Metropolitan\u0103 Cluj\",\"url\":\"https:\/\/desegregare.ro\/\",\"logo\":{\"@type\":\"ImageObject\",\"inLanguage\":\"en-GB\",\"@id\":\"https:\/\/desegregare.ro\/#\/schema\/logo\/image\/\",\"url\":\"https:\/\/desegregare.ro\/wp-content\/uploads\/2020\/06\/header_antent.png\",\"contentUrl\":\"https:\/\/desegregare.ro\/wp-content\/uploads\/2020\/06\/header_antent.png\",\"width\":318,\"height\":125,\"caption\":\"Zona Metropolitan\u0103 Cluj\"},\"image\":{\"@id\":\"https:\/\/desegregare.ro\/#\/schema\/logo\/image\/\"},\"sameAs\":[\"https:\/\/www.facebook.com\/ClujMetro\/\",\"https:\/\/x.com\/clujmetro\"]}]}<\/script>\n<!-- \/ Yoast SEO plugin. -->","yoast_head_json":{"title":"Ce facem - Proiect Pata 2.0","robots":{"index":"index","follow":"follow","max-snippet":"max-snippet:-1","max-image-preview":"max-image-preview:large","max-video-preview":"max-video-preview:-1"},"canonical":"https:\/\/desegregare.ro\/en\/ce-facem\/","og_locale":"en_GB","og_type":"article","og_title":"Ce facem - Proiect Pata 2.0","og_description":"Proiectul \u201eInterven\u021bii integrate replicabile pentru locuire incluziv\u0103 \u0219i combaterea marginaliz\u0103rii \u00een Zona Metropolitan\u0103 Cluj\u201d (prescurtat, Pata 2) \u00ee\u0219i propune s\u0103 (...)","og_url":"https:\/\/desegregare.ro\/en\/ce-facem\/","og_site_name":"Proiect Pata 2.0","article_publisher":"https:\/\/www.facebook.com\/ClujMetro\/","article_modified_time":"2020-06-15T12:08:33+00:00","og_image":[{"width":1200,"height":744,"url":"https:\/\/desegregare.ro\/wp-content\/uploads\/2020\/05\/featured-project-logo-5.png","type":"image\/png"}],"twitter_card":"summary_large_image","twitter_site":"@clujmetro","twitter_misc":{"Estimated reading time":"2 minutes"},"schema":{"@context":"https:\/\/schema.org","@graph":[{"@type":"WebPage","@id":"https:\/\/desegregare.ro\/ce-facem\/","url":"https:\/\/desegregare.ro\/ce-facem\/","name":"Ce facem - Proiect Pata 2.0","isPartOf":{"@id":"https:\/\/desegregare.ro\/#website"},"primaryImageOfPage":{"@id":"https:\/\/desegregare.ro\/ce-facem\/#primaryimage"},"image":{"@id":"https:\/\/desegregare.ro\/ce-facem\/#primaryimage"},"thumbnailUrl":"https:\/\/desegregare.ro\/wp-content\/uploads\/2020\/05\/featured-project-logo-5.png","datePublished":"2020-05-28T09:27:52+00:00","dateModified":"2020-06-15T12:08:33+00:00","breadcrumb":{"@id":"https:\/\/desegregare.ro\/ce-facem\/#breadcrumb"},"inLanguage":"en-GB","potentialAction":[{"@type":"ReadAction","target":["https:\/\/desegregare.ro\/ce-facem\/"]}]},{"@type":"ImageObject","inLanguage":"en-GB","@id":"https:\/\/desegregare.ro\/ce-facem\/#primaryimage","url":"https:\/\/desegregare.ro\/wp-content\/uploads\/2020\/05\/featured-project-logo-5.png","contentUrl":"https:\/\/desegregare.ro\/wp-content\/uploads\/2020\/05\/featured-project-logo-5.png","width":1200,"height":744},{"@type":"BreadcrumbList","@id":"https:\/\/desegregare.ro\/ce-facem\/#breadcrumb","itemListElement":[{"@type":"ListItem","position":1,"name":"Home","item":"https:\/\/desegregare.ro\/"},{"@type":"ListItem","position":2,"name":"Ce facem"}]},{"@type":"WebSite","@id":"https:\/\/desegregare.ro\/#website","url":"https:\/\/desegregare.ro\/","name":"ZMC | Proiect Pata 2.0","description":"Asocia\u0163ia de Dezvoltare Intercomunitar\u0103 Zona Metropolitan\u0103 Cluj","publisher":{"@id":"https:\/\/desegregare.ro\/#organization"},"potentialAction":[{"@type":"SearchAction","target":{"@type":"EntryPoint","urlTemplate":"https:\/\/desegregare.ro\/?s={search_term_string}"},"query-input":{"@type":"PropertyValueSpecification","valueRequired":true,"valueName":"search_term_string"}}],"inLanguage":"en-GB"},{"@type":"Organization","@id":"https:\/\/desegregare.ro\/#organization","name":"Zona Metropolitan\u0103 Cluj","url":"https:\/\/desegregare.ro\/","logo":{"@type":"ImageObject","inLanguage":"en-GB","@id":"https:\/\/desegregare.ro\/#\/schema\/logo\/image\/","url":"https:\/\/desegregare.ro\/wp-content\/uploads\/2020\/06\/header_antent.png","contentUrl":"https:\/\/desegregare.ro\/wp-content\/uploads\/2020\/06\/header_antent.png","width":318,"height":125,"caption":"Zona Metropolitan\u0103 Cluj"},"image":{"@id":"https:\/\/desegregare.ro\/#\/schema\/logo\/image\/"},"sameAs":["https:\/\/www.facebook.com\/ClujMetro\/","https:\/\/x.com\/clujmetro"]}]}},"_links":{"self":[{"href":"https:\/\/desegregare.ro\/en\/wp-json\/wp\/v2\/pages\/144"}],"collection":[{"href":"https:\/\/desegregare.ro\/en\/wp-json\/wp\/v2\/pages"}],"about":[{"href":"https:\/\/desegregare.ro\/en\/wp-json\/wp\/v2\/types\/page"}],"author":[{"embeddable":true,"href":"https:\/\/desegregare.ro\/en\/wp-json\/wp\/v2\/users\/2"}],"replies":[{"embeddable":true,"href":"https:\/\/desegregare.ro\/en\/wp-json\/wp\/v2\/comments?post=144"}],"version-history":[{"count":3,"href":"https:\/\/desegregare.ro\/en\/wp-json\/wp\/v2\/pages\/144\/revisions"}],"predecessor-version":[{"id":511,"href":"https:\/\/desegregare.ro\/en\/wp-json\/wp\/v2\/pages\/144\/revisions\/511"}],"wp:featuredmedia":[{"embeddable":true,"href":"https:\/\/desegregare.ro\/en\/wp-json\/wp\/v2\/media\/216"}],"wp:attachment":[{"href":"https:\/\/desegregare.ro\/en\/wp-json\/wp\/v2\/media?parent=144"}],"curies":[{"name":"wp","href":"https:\/\/api.w.org\/{rel}","templated":true}]}}