{"id":153,"date":"2020-05-28T12:52:36","date_gmt":"2020-05-28T09:52:36","guid":{"rendered":"https:\/\/desegregare.ro\/wp\/?page_id=153"},"modified":"2023-05-11T10:35:18","modified_gmt":"2023-05-11T07:35:18","slug":"contact","status":"publish","type":"page","link":"https:\/\/desegregare.ro\/en\/contact\/","title":{"rendered":"Contact"},"content":{"rendered":"<p>The Cluj Metropolitan Area Intercommunity Development Association<\/p>\r\n\r\n\r\n\r\n<p>Cluj-Napoca, strada Zr\u00ednyi Mikl\u00f3s, Nr. 7, Ap. 2<\/p>\r\n\r\n\r\n\r\n<p>Orar: luni-vineri 9.00-17.00<\/p>\r\n\r\n\r\n\r\n<p>E-mail: comunicare@clujmet.ro<\/p>\r\n\r\n\r\n\r\n<p>Tel: 0364 401 479<\/p>\r\n\r\n\r\n\r\n<p>Contact persons<\/p>\r\n\r\n\r\n\r\n<p>Manager proiect, Monica Graff: <a href=\"mailto:monica.graff@clujmet.ro\" target=\"_blank\" rel=\"noopener\">monica.graff@clujmet.ro<\/a>\u00a0<\/p>\r\n\r\n\r\n\r\n<p>Responsabil comunicare, Bogdan Stanciu: <a href=\"mailto:bogdan.stanciu@clujmet.ro\" target=\"_blank\" rel=\"noopener\">bogdan.stanciu@clujmet.ro\u00a0\u00a0<\/a><\/p>","protected":false},"excerpt":{"rendered":"<p>Asocia\u021bia de Dezvoltare Intercomunitar\u0103 Zona Metropolitan\u0103 Cluj Cluj-Napoca, strada Zr\u00ednyi Mikl\u00f3s, Nr. 7, Ap. 2 Orar: luni-vineri 9.00-17.00 E-mail: comunicare@clujmet.ro <a class=\"more-link\" href=\"https:\/\/desegregare.ro\/en\/contact\/\">(&#8230;)<\/a><\/p>","protected":false},"author":1,"featured_media":155,"parent":0,"menu_order":0,"comment_status":"closed","ping_status":"closed","template":"","meta":{"footnotes":""},"class_list":["post-153","page","type-page","status-publish","has-post-thumbnail","hentry"],"yoast_head":"<!-- This site is optimized with the Yoast SEO plugin v24.0 - https:\/\/yoast.com\/wordpress\/plugins\/seo\/ -->\n<title>Contact - Proiect Pata 2.0<\/title>\n<meta name=\"robots\" content=\"index, follow, max-snippet:-1, max-image-preview:large, max-video-preview:-1\" \/>\n<link rel=\"canonical\" href=\"https:\/\/desegregare.ro\/en\/contact\/\" \/>\n<meta property=\"og:locale\" content=\"en_GB\" \/>\n<meta property=\"og:type\" content=\"article\" \/>\n<meta property=\"og:title\" content=\"Contact - Proiect Pata 2.0\" \/>\n<meta property=\"og:description\" content=\"Asocia\u021bia de Dezvoltare Intercomunitar\u0103 Zona Metropolitan\u0103 Cluj Cluj-Napoca, strada Zr\u00ednyi Mikl\u00f3s, Nr. 7, Ap. 2 Orar: luni-vineri 9.00-17.00 E-mail: comunicare@clujmet.ro (...)\" \/>\n<meta property=\"og:url\" content=\"https:\/\/desegregare.ro\/en\/contact\/\" \/>\n<meta property=\"og:site_name\" content=\"Proiect Pata 2.0\" \/>\n<meta property=\"article:publisher\" content=\"https:\/\/www.facebook.com\/ClujMetro\/\" \/>\n<meta property=\"article:modified_time\" content=\"2023-05-11T07:35:18+00:00\" \/>\n<meta property=\"og:image\" content=\"https:\/\/desegregare.ro\/wp-content\/uploads\/2020\/05\/logo_nou.png\" \/>\n\t<meta property=\"og:image:width\" content=\"1276\" \/>\n\t<meta property=\"og:image:height\" content=\"449\" \/>\n\t<meta property=\"og:image:type\" content=\"image\/png\" \/>\n<meta name=\"twitter:card\" content=\"summary_large_image\" \/>\n<meta name=\"twitter:site\" content=\"@clujmetro\" \/>\n<meta name=\"twitter:label1\" content=\"Estimated reading time\" \/>\n\t<meta name=\"twitter:data1\" content=\"1 minute\" \/>\n<script type=\"application\/ld+json\" class=\"yoast-schema-graph\">{\"@context\":\"https:\/\/schema.org\",\"@graph\":[{\"@type\":\"WebPage\",\"@id\":\"https:\/\/desegregare.ro\/contact\/\",\"url\":\"https:\/\/desegregare.ro\/contact\/\",\"name\":\"Contact - Proiect Pata 2.0\",\"isPartOf\":{\"@id\":\"https:\/\/desegregare.ro\/#website\"},\"primaryImageOfPage\":{\"@id\":\"https:\/\/desegregare.ro\/contact\/#primaryimage\"},\"image\":{\"@id\":\"https:\/\/desegregare.ro\/contact\/#primaryimage\"},\"thumbnailUrl\":\"https:\/\/desegregare.ro\/wp-content\/uploads\/2020\/05\/logo_nou.png\",\"datePublished\":\"2020-05-28T09:52:36+00:00\",\"dateModified\":\"2023-05-11T07:35:18+00:00\",\"breadcrumb\":{\"@id\":\"https:\/\/desegregare.ro\/contact\/#breadcrumb\"},\"inLanguage\":\"en-GB\",\"potentialAction\":[{\"@type\":\"ReadAction\",\"target\":[\"https:\/\/desegregare.ro\/contact\/\"]}]},{\"@type\":\"ImageObject\",\"inLanguage\":\"en-GB\",\"@id\":\"https:\/\/desegregare.ro\/contact\/#primaryimage\",\"url\":\"https:\/\/desegregare.ro\/wp-content\/uploads\/2020\/05\/logo_nou.png\",\"contentUrl\":\"https:\/\/desegregare.ro\/wp-content\/uploads\/2020\/05\/logo_nou.png\",\"width\":1276,\"height\":449,\"caption\":\"Logo_ADIZMC\"},{\"@type\":\"BreadcrumbList\",\"@id\":\"https:\/\/desegregare.ro\/contact\/#breadcrumb\",\"itemListElement\":[{\"@type\":\"ListItem\",\"position\":1,\"name\":\"Home\",\"item\":\"https:\/\/desegregare.ro\/\"},{\"@type\":\"ListItem\",\"position\":2,\"name\":\"Contact\"}]},{\"@type\":\"WebSite\",\"@id\":\"https:\/\/desegregare.ro\/#website\",\"url\":\"https:\/\/desegregare.ro\/\",\"name\":\"ZMC | Proiect Pata 2.0\",\"description\":\"Asocia\u0163ia de Dezvoltare Intercomunitar\u0103 Zona Metropolitan\u0103 Cluj\",\"publisher\":{\"@id\":\"https:\/\/desegregare.ro\/#organization\"},\"potentialAction\":[{\"@type\":\"SearchAction\",\"target\":{\"@type\":\"EntryPoint\",\"urlTemplate\":\"https:\/\/desegregare.ro\/?s={search_term_string}\"},\"query-input\":{\"@type\":\"PropertyValueSpecification\",\"valueRequired\":true,\"valueName\":\"search_term_string\"}}],\"inLanguage\":\"en-GB\"},{\"@type\":\"Organization\",\"@id\":\"https:\/\/desegregare.ro\/#organization\",\"name\":\"Zona Metropolitan\u0103 Cluj\",\"url\":\"https:\/\/desegregare.ro\/\",\"logo\":{\"@type\":\"ImageObject\",\"inLanguage\":\"en-GB\",\"@id\":\"https:\/\/desegregare.ro\/#\/schema\/logo\/image\/\",\"url\":\"https:\/\/desegregare.ro\/wp-content\/uploads\/2020\/06\/header_antent.png\",\"contentUrl\":\"https:\/\/desegregare.ro\/wp-content\/uploads\/2020\/06\/header_antent.png\",\"width\":318,\"height\":125,\"caption\":\"Zona Metropolitan\u0103 Cluj\"},\"image\":{\"@id\":\"https:\/\/desegregare.ro\/#\/schema\/logo\/image\/\"},\"sameAs\":[\"https:\/\/www.facebook.com\/ClujMetro\/\",\"https:\/\/x.com\/clujmetro\"]}]}<\/script>\n<!-- \/ Yoast SEO plugin. -->","yoast_head_json":{"title":"Contact - Proiect Pata 2.0","robots":{"index":"index","follow":"follow","max-snippet":"max-snippet:-1","max-image-preview":"max-image-preview:large","max-video-preview":"max-video-preview:-1"},"canonical":"https:\/\/desegregare.ro\/en\/contact\/","og_locale":"en_GB","og_type":"article","og_title":"Contact - Proiect Pata 2.0","og_description":"Asocia\u021bia de Dezvoltare Intercomunitar\u0103 Zona Metropolitan\u0103 Cluj Cluj-Napoca, strada Zr\u00ednyi Mikl\u00f3s, Nr. 7, Ap. 2 Orar: luni-vineri 9.00-17.00 E-mail: comunicare@clujmet.ro (...)","og_url":"https:\/\/desegregare.ro\/en\/contact\/","og_site_name":"Proiect Pata 2.0","article_publisher":"https:\/\/www.facebook.com\/ClujMetro\/","article_modified_time":"2023-05-11T07:35:18+00:00","og_image":[{"width":1276,"height":449,"url":"https:\/\/desegregare.ro\/wp-content\/uploads\/2020\/05\/logo_nou.png","type":"image\/png"}],"twitter_card":"summary_large_image","twitter_site":"@clujmetro","twitter_misc":{"Estimated reading time":"1 minute"},"schema":{"@context":"https:\/\/schema.org","@graph":[{"@type":"WebPage","@id":"https:\/\/desegregare.ro\/contact\/","url":"https:\/\/desegregare.ro\/contact\/","name":"Contact - Proiect Pata 2.0","isPartOf":{"@id":"https:\/\/desegregare.ro\/#website"},"primaryImageOfPage":{"@id":"https:\/\/desegregare.ro\/contact\/#primaryimage"},"image":{"@id":"https:\/\/desegregare.ro\/contact\/#primaryimage"},"thumbnailUrl":"https:\/\/desegregare.ro\/wp-content\/uploads\/2020\/05\/logo_nou.png","datePublished":"2020-05-28T09:52:36+00:00","dateModified":"2023-05-11T07:35:18+00:00","breadcrumb":{"@id":"https:\/\/desegregare.ro\/contact\/#breadcrumb"},"inLanguage":"en-GB","potentialAction":[{"@type":"ReadAction","target":["https:\/\/desegregare.ro\/contact\/"]}]},{"@type":"ImageObject","inLanguage":"en-GB","@id":"https:\/\/desegregare.ro\/contact\/#primaryimage","url":"https:\/\/desegregare.ro\/wp-content\/uploads\/2020\/05\/logo_nou.png","contentUrl":"https:\/\/desegregare.ro\/wp-content\/uploads\/2020\/05\/logo_nou.png","width":1276,"height":449,"caption":"Logo_ADIZMC"},{"@type":"BreadcrumbList","@id":"https:\/\/desegregare.ro\/contact\/#breadcrumb","itemListElement":[{"@type":"ListItem","position":1,"name":"Home","item":"https:\/\/desegregare.ro\/"},{"@type":"ListItem","position":2,"name":"Contact"}]},{"@type":"WebSite","@id":"https:\/\/desegregare.ro\/#website","url":"https:\/\/desegregare.ro\/","name":"ZMC | Proiect Pata 2.0","description":"Asocia\u0163ia de Dezvoltare Intercomunitar\u0103 Zona Metropolitan\u0103 Cluj","publisher":{"@id":"https:\/\/desegregare.ro\/#organization"},"potentialAction":[{"@type":"SearchAction","target":{"@type":"EntryPoint","urlTemplate":"https:\/\/desegregare.ro\/?s={search_term_string}"},"query-input":{"@type":"PropertyValueSpecification","valueRequired":true,"valueName":"search_term_string"}}],"inLanguage":"en-GB"},{"@type":"Organization","@id":"https:\/\/desegregare.ro\/#organization","name":"Zona Metropolitan\u0103 Cluj","url":"https:\/\/desegregare.ro\/","logo":{"@type":"ImageObject","inLanguage":"en-GB","@id":"https:\/\/desegregare.ro\/#\/schema\/logo\/image\/","url":"https:\/\/desegregare.ro\/wp-content\/uploads\/2020\/06\/header_antent.png","contentUrl":"https:\/\/desegregare.ro\/wp-content\/uploads\/2020\/06\/header_antent.png","width":318,"height":125,"caption":"Zona Metropolitan\u0103 Cluj"},"image":{"@id":"https:\/\/desegregare.ro\/#\/schema\/logo\/image\/"},"sameAs":["https:\/\/www.facebook.com\/ClujMetro\/","https:\/\/x.com\/clujmetro"]}]}},"_links":{"self":[{"href":"https:\/\/desegregare.ro\/en\/wp-json\/wp\/v2\/pages\/153"}],"collection":[{"href":"https:\/\/desegregare.ro\/en\/wp-json\/wp\/v2\/pages"}],"about":[{"href":"https:\/\/desegregare.ro\/en\/wp-json\/wp\/v2\/types\/page"}],"author":[{"embeddable":true,"href":"https:\/\/desegregare.ro\/en\/wp-json\/wp\/v2\/users\/1"}],"replies":[{"embeddable":true,"href":"https:\/\/desegregare.ro\/en\/wp-json\/wp\/v2\/comments?post=153"}],"version-history":[{"count":9,"href":"https:\/\/desegregare.ro\/en\/wp-json\/wp\/v2\/pages\/153\/revisions"}],"predecessor-version":[{"id":1188,"href":"https:\/\/desegregare.ro\/en\/wp-json\/wp\/v2\/pages\/153\/revisions\/1188"}],"wp:featuredmedia":[{"embeddable":true,"href":"https:\/\/desegregare.ro\/en\/wp-json\/wp\/v2\/media\/155"}],"wp:attachment":[{"href":"https:\/\/desegregare.ro\/en\/wp-json\/wp\/v2\/media?parent=153"}],"curies":[{"name":"wp","href":"https:\/\/api.w.org\/{rel}","templated":true}]}}