{"id":159,"date":"2020-05-28T12:59:02","date_gmt":"2020-05-28T09:59:02","guid":{"rendered":"https:\/\/desegregare.ro\/wp\/?page_id=159"},"modified":"2020-06-09T21:58:34","modified_gmt":"2020-06-09T18:58:34","slug":"despre-dasm","status":"publish","type":"page","link":"https:\/\/desegregare.ro\/en\/despre-dasm\/","title":{"rendered":"The Social and Medical Services Directorate"},"content":{"rendered":"<p>The Social and Medical Services Directorate, subordinated to the Local Council of Cluj-Napoca, is the main public provider of social and medical services at local level and was created in 2008. Its mission is to identify the social problems of the local community and to find proper solutions regarding child\/family protection, the elderly, persons with disabilities and others in need or vulnerable groups.<\/p>\r\n\r\n\r\n\r\n<p>The actions of DASM are directed towards the individual, the family and the community level with objectives of preventing situations which could lead to social marginalization, supporting the ones in need, increasing the quality of life and promoting the social inclusion of vulnerable people and groups, by providing local social services and by accessing appropriate funding.<\/p>","protected":false},"excerpt":{"rendered":"<p>Direc\u021bia de Asisten\u021b\u0103 Social\u0103 \u0219i Medical\u0103 (DASM), organizat\u0103 \u00een subordinea Consiliului local al Municipiului Cluj-Napoca, este principalul furnizor public local <a class=\"more-link\" href=\"https:\/\/desegregare.ro\/en\/despre-dasm\/\">(&#8230;)<\/a><\/p>","protected":false},"author":1,"featured_media":0,"parent":0,"menu_order":0,"comment_status":"closed","ping_status":"closed","template":"","meta":{"footnotes":""},"class_list":["post-159","page","type-page","status-publish","hentry"],"yoast_head":"<!-- This site is optimized with the Yoast SEO plugin v24.0 - https:\/\/yoast.com\/wordpress\/plugins\/seo\/ -->\n<title>Direc\u021bia de Asisten\u021b\u0103 Social\u0103 \u0219i Medical\u0103 Cluj-Napoca - Proiect Pata 2.0<\/title>\n<meta name=\"robots\" content=\"index, follow, max-snippet:-1, max-image-preview:large, max-video-preview:-1\" \/>\n<link rel=\"canonical\" href=\"https:\/\/desegregare.ro\/en\/despre-dasm\/\" \/>\n<meta property=\"og:locale\" content=\"en_GB\" \/>\n<meta property=\"og:type\" content=\"article\" \/>\n<meta property=\"og:title\" content=\"Direc\u021bia de Asisten\u021b\u0103 Social\u0103 \u0219i Medical\u0103 Cluj-Napoca - Proiect Pata 2.0\" \/>\n<meta property=\"og:description\" content=\"Direc\u021bia de Asisten\u021b\u0103 Social\u0103 \u0219i Medical\u0103 (DASM), organizat\u0103 \u00een subordinea Consiliului local al Municipiului Cluj-Napoca, este principalul furnizor public local (...)\" \/>\n<meta property=\"og:url\" content=\"https:\/\/desegregare.ro\/en\/despre-dasm\/\" \/>\n<meta property=\"og:site_name\" content=\"Proiect Pata 2.0\" \/>\n<meta property=\"article:publisher\" content=\"https:\/\/www.facebook.com\/ClujMetro\/\" \/>\n<meta property=\"article:modified_time\" content=\"2020-06-09T18:58:34+00:00\" \/>\n<meta name=\"twitter:card\" content=\"summary_large_image\" \/>\n<meta name=\"twitter:site\" content=\"@clujmetro\" \/>\n<meta name=\"twitter:label1\" content=\"Estimated reading time\" \/>\n\t<meta name=\"twitter:data1\" content=\"1 minute\" \/>\n<script type=\"application\/ld+json\" class=\"yoast-schema-graph\">{\"@context\":\"https:\/\/schema.org\",\"@graph\":[{\"@type\":\"WebPage\",\"@id\":\"https:\/\/desegregare.ro\/despre-dasm\/\",\"url\":\"https:\/\/desegregare.ro\/despre-dasm\/\",\"name\":\"Direc\u021bia de Asisten\u021b\u0103 Social\u0103 \u0219i Medical\u0103 Cluj-Napoca - Proiect Pata 2.0\",\"isPartOf\":{\"@id\":\"https:\/\/desegregare.ro\/#website\"},\"datePublished\":\"2020-05-28T09:59:02+00:00\",\"dateModified\":\"2020-06-09T18:58:34+00:00\",\"breadcrumb\":{\"@id\":\"https:\/\/desegregare.ro\/despre-dasm\/#breadcrumb\"},\"inLanguage\":\"en-GB\",\"potentialAction\":[{\"@type\":\"ReadAction\",\"target\":[\"https:\/\/desegregare.ro\/despre-dasm\/\"]}]},{\"@type\":\"BreadcrumbList\",\"@id\":\"https:\/\/desegregare.ro\/despre-dasm\/#breadcrumb\",\"itemListElement\":[{\"@type\":\"ListItem\",\"position\":1,\"name\":\"Home\",\"item\":\"https:\/\/desegregare.ro\/\"},{\"@type\":\"ListItem\",\"position\":2,\"name\":\"Direc\u021bia de Asisten\u021b\u0103 Social\u0103 \u0219i Medical\u0103 Cluj-Napoca\"}]},{\"@type\":\"WebSite\",\"@id\":\"https:\/\/desegregare.ro\/#website\",\"url\":\"https:\/\/desegregare.ro\/\",\"name\":\"ZMC | Proiect Pata 2.0\",\"description\":\"Asocia\u0163ia de Dezvoltare Intercomunitar\u0103 Zona Metropolitan\u0103 Cluj\",\"publisher\":{\"@id\":\"https:\/\/desegregare.ro\/#organization\"},\"potentialAction\":[{\"@type\":\"SearchAction\",\"target\":{\"@type\":\"EntryPoint\",\"urlTemplate\":\"https:\/\/desegregare.ro\/?s={search_term_string}\"},\"query-input\":{\"@type\":\"PropertyValueSpecification\",\"valueRequired\":true,\"valueName\":\"search_term_string\"}}],\"inLanguage\":\"en-GB\"},{\"@type\":\"Organization\",\"@id\":\"https:\/\/desegregare.ro\/#organization\",\"name\":\"Zona Metropolitan\u0103 Cluj\",\"url\":\"https:\/\/desegregare.ro\/\",\"logo\":{\"@type\":\"ImageObject\",\"inLanguage\":\"en-GB\",\"@id\":\"https:\/\/desegregare.ro\/#\/schema\/logo\/image\/\",\"url\":\"https:\/\/desegregare.ro\/wp-content\/uploads\/2020\/06\/header_antent.png\",\"contentUrl\":\"https:\/\/desegregare.ro\/wp-content\/uploads\/2020\/06\/header_antent.png\",\"width\":318,\"height\":125,\"caption\":\"Zona Metropolitan\u0103 Cluj\"},\"image\":{\"@id\":\"https:\/\/desegregare.ro\/#\/schema\/logo\/image\/\"},\"sameAs\":[\"https:\/\/www.facebook.com\/ClujMetro\/\",\"https:\/\/x.com\/clujmetro\"]}]}<\/script>\n<!-- \/ Yoast SEO plugin. -->","yoast_head_json":{"title":"Direc\u021bia de Asisten\u021b\u0103 Social\u0103 \u0219i Medical\u0103 Cluj-Napoca - Proiect Pata 2.0","robots":{"index":"index","follow":"follow","max-snippet":"max-snippet:-1","max-image-preview":"max-image-preview:large","max-video-preview":"max-video-preview:-1"},"canonical":"https:\/\/desegregare.ro\/en\/despre-dasm\/","og_locale":"en_GB","og_type":"article","og_title":"Direc\u021bia de Asisten\u021b\u0103 Social\u0103 \u0219i Medical\u0103 Cluj-Napoca - Proiect Pata 2.0","og_description":"Direc\u021bia de Asisten\u021b\u0103 Social\u0103 \u0219i Medical\u0103 (DASM), organizat\u0103 \u00een subordinea Consiliului local al Municipiului Cluj-Napoca, este principalul furnizor public local (...)","og_url":"https:\/\/desegregare.ro\/en\/despre-dasm\/","og_site_name":"Proiect Pata 2.0","article_publisher":"https:\/\/www.facebook.com\/ClujMetro\/","article_modified_time":"2020-06-09T18:58:34+00:00","twitter_card":"summary_large_image","twitter_site":"@clujmetro","twitter_misc":{"Estimated reading time":"1 minute"},"schema":{"@context":"https:\/\/schema.org","@graph":[{"@type":"WebPage","@id":"https:\/\/desegregare.ro\/despre-dasm\/","url":"https:\/\/desegregare.ro\/despre-dasm\/","name":"Direc\u021bia de Asisten\u021b\u0103 Social\u0103 \u0219i Medical\u0103 Cluj-Napoca - Proiect Pata 2.0","isPartOf":{"@id":"https:\/\/desegregare.ro\/#website"},"datePublished":"2020-05-28T09:59:02+00:00","dateModified":"2020-06-09T18:58:34+00:00","breadcrumb":{"@id":"https:\/\/desegregare.ro\/despre-dasm\/#breadcrumb"},"inLanguage":"en-GB","potentialAction":[{"@type":"ReadAction","target":["https:\/\/desegregare.ro\/despre-dasm\/"]}]},{"@type":"BreadcrumbList","@id":"https:\/\/desegregare.ro\/despre-dasm\/#breadcrumb","itemListElement":[{"@type":"ListItem","position":1,"name":"Home","item":"https:\/\/desegregare.ro\/"},{"@type":"ListItem","position":2,"name":"Direc\u021bia de Asisten\u021b\u0103 Social\u0103 \u0219i Medical\u0103 Cluj-Napoca"}]},{"@type":"WebSite","@id":"https:\/\/desegregare.ro\/#website","url":"https:\/\/desegregare.ro\/","name":"ZMC | Proiect Pata 2.0","description":"Asocia\u0163ia de Dezvoltare Intercomunitar\u0103 Zona Metropolitan\u0103 Cluj","publisher":{"@id":"https:\/\/desegregare.ro\/#organization"},"potentialAction":[{"@type":"SearchAction","target":{"@type":"EntryPoint","urlTemplate":"https:\/\/desegregare.ro\/?s={search_term_string}"},"query-input":{"@type":"PropertyValueSpecification","valueRequired":true,"valueName":"search_term_string"}}],"inLanguage":"en-GB"},{"@type":"Organization","@id":"https:\/\/desegregare.ro\/#organization","name":"Zona Metropolitan\u0103 Cluj","url":"https:\/\/desegregare.ro\/","logo":{"@type":"ImageObject","inLanguage":"en-GB","@id":"https:\/\/desegregare.ro\/#\/schema\/logo\/image\/","url":"https:\/\/desegregare.ro\/wp-content\/uploads\/2020\/06\/header_antent.png","contentUrl":"https:\/\/desegregare.ro\/wp-content\/uploads\/2020\/06\/header_antent.png","width":318,"height":125,"caption":"Zona Metropolitan\u0103 Cluj"},"image":{"@id":"https:\/\/desegregare.ro\/#\/schema\/logo\/image\/"},"sameAs":["https:\/\/www.facebook.com\/ClujMetro\/","https:\/\/x.com\/clujmetro"]}]}},"_links":{"self":[{"href":"https:\/\/desegregare.ro\/en\/wp-json\/wp\/v2\/pages\/159"}],"collection":[{"href":"https:\/\/desegregare.ro\/en\/wp-json\/wp\/v2\/pages"}],"about":[{"href":"https:\/\/desegregare.ro\/en\/wp-json\/wp\/v2\/types\/page"}],"author":[{"embeddable":true,"href":"https:\/\/desegregare.ro\/en\/wp-json\/wp\/v2\/users\/1"}],"replies":[{"embeddable":true,"href":"https:\/\/desegregare.ro\/en\/wp-json\/wp\/v2\/comments?post=159"}],"version-history":[{"count":2,"href":"https:\/\/desegregare.ro\/en\/wp-json\/wp\/v2\/pages\/159\/revisions"}],"predecessor-version":[{"id":466,"href":"https:\/\/desegregare.ro\/en\/wp-json\/wp\/v2\/pages\/159\/revisions\/466"}],"wp:attachment":[{"href":"https:\/\/desegregare.ro\/en\/wp-json\/wp\/v2\/media?parent=159"}],"curies":[{"name":"wp","href":"https:\/\/api.w.org\/{rel}","templated":true}]}}