{"id":161,"date":"2020-05-28T12:59:43","date_gmt":"2020-05-28T09:59:43","guid":{"rendered":"https:\/\/desegregare.ro\/wp\/?page_id=161"},"modified":"2020-08-04T09:37:28","modified_gmt":"2020-08-04T06:37:28","slug":"despre-frds","status":"publish","type":"page","link":"https:\/\/desegregare.ro\/en\/despre-frds\/","title":{"rendered":"Romanian Fund for Social Development"},"content":{"rendered":"<p>The Romanian Fund for Social Development (RFDS) is a public interest body set up by the Romanian Government through Law No. 129\/1998 which manages grant schemes and programmes with non-repayable international funding to disadvantaged groups and poor and isolated communities and takes part in the effective implementation of projects of national, sectoral and local interest.<\/p>\r\n\r\n\r\n\r\n<p>Key areas covered by the RSDF:<\/p>\r\n\r\n\r\n\r\n<ul class=\"wp-block-list\">\r\n<li>social inclusion (with a focus on Roma communities)<\/li>\r\n<li>socio-economic development<\/li>\r\n<li>equal opportunities<\/li>\r\n<li>poverty alleviation<\/li>\r\n<li>community development<\/li>\r\n<li>education<\/li>\r\n<\/ul>\r\n\r\n\r\n\r\n<p>Operating under the motto \u201cAn organisation for people and their problems\u201d, RFDS has the task of supporting the sustainable development of poor communities and other vulnerable groups in Romania, by promoting and supporting local initiatives that are geared to the common good, identified, submitted and delivered in a participatory manner through the involvement of the community.<\/p>\r\n\r\n\r\n\r\n<p>he strategic objective of the RFDS is to achieve a change of attitude from multiple plans (individual and institutional, local and national) by demonstrating that there are also solutions where there is a will to solve a problem.<\/p>\r\n\r\n\r\n\r\n\r\n\r\n<p>More details on EEA and Norway Grants are available here: <a href=\"http:\/\/www.frds.ro\">www.frds.ro<\/a><\/p>\r\n<p class=\" translation-block\">One of the most important care programs run by FRDS is the  <a href=\"https:\/\/dezvoltare-locala.frds.ro\/\" target=\"_self\" rel=\"noopener noreferrer\">Local Development Program<\/a>, which takes care of the allocation and funding for the Pata 2.0 design.<\/p>","protected":false},"excerpt":{"rendered":"<p>Fondul Rom\u00e2n de Dezvoltare Social\u0103 (FRDS) este un organism de interes public \u00eenfiin\u021bat de Guvernul Rom\u00e2niei prin Legea nr. 129\/1998 <a class=\"more-link\" href=\"https:\/\/desegregare.ro\/en\/despre-frds\/\">(&#8230;)<\/a><\/p>","protected":false},"author":1,"featured_media":0,"parent":0,"menu_order":0,"comment_status":"closed","ping_status":"closed","template":"","meta":{"footnotes":""},"class_list":["post-161","page","type-page","status-publish","hentry"],"yoast_head":"<!-- This site is optimized with the Yoast SEO plugin v24.0 - https:\/\/yoast.com\/wordpress\/plugins\/seo\/ -->\n<title>Fondul Rom\u00e2n de Dezvoltare Social\u0103 - Proiect Pata 2.0<\/title>\n<meta name=\"robots\" content=\"index, follow, max-snippet:-1, max-image-preview:large, max-video-preview:-1\" \/>\n<link rel=\"canonical\" href=\"https:\/\/desegregare.ro\/en\/despre-frds\/\" \/>\n<meta property=\"og:locale\" content=\"en_GB\" \/>\n<meta property=\"og:type\" content=\"article\" \/>\n<meta property=\"og:title\" content=\"Fondul Rom\u00e2n de Dezvoltare Social\u0103 - Proiect Pata 2.0\" \/>\n<meta property=\"og:description\" content=\"Fondul Rom\u00e2n de Dezvoltare Social\u0103 (FRDS) este un organism de interes public \u00eenfiin\u021bat de Guvernul Rom\u00e2niei prin Legea nr. 129\/1998 (...)\" \/>\n<meta property=\"og:url\" content=\"https:\/\/desegregare.ro\/en\/despre-frds\/\" \/>\n<meta property=\"og:site_name\" content=\"Proiect Pata 2.0\" \/>\n<meta property=\"article:publisher\" content=\"https:\/\/www.facebook.com\/ClujMetro\/\" \/>\n<meta property=\"article:modified_time\" content=\"2020-08-04T06:37:28+00:00\" \/>\n<meta name=\"twitter:card\" content=\"summary_large_image\" \/>\n<meta name=\"twitter:site\" content=\"@clujmetro\" \/>\n<meta name=\"twitter:label1\" content=\"Estimated reading time\" \/>\n\t<meta name=\"twitter:data1\" content=\"1 minute\" \/>\n<script type=\"application\/ld+json\" class=\"yoast-schema-graph\">{\"@context\":\"https:\/\/schema.org\",\"@graph\":[{\"@type\":\"WebPage\",\"@id\":\"https:\/\/desegregare.ro\/en\/despre-frds\/\",\"url\":\"https:\/\/desegregare.ro\/en\/despre-frds\/\",\"name\":\"Fondul Rom\u00e2n de Dezvoltare Social\u0103 - Proiect Pata 2.0\",\"isPartOf\":{\"@id\":\"https:\/\/desegregare.ro\/#website\"},\"datePublished\":\"2020-05-28T09:59:43+00:00\",\"dateModified\":\"2020-08-04T06:37:28+00:00\",\"breadcrumb\":{\"@id\":\"https:\/\/desegregare.ro\/en\/despre-frds\/#breadcrumb\"},\"inLanguage\":\"en-GB\",\"potentialAction\":[{\"@type\":\"ReadAction\",\"target\":[\"https:\/\/desegregare.ro\/en\/despre-frds\/\"]}]},{\"@type\":\"BreadcrumbList\",\"@id\":\"https:\/\/desegregare.ro\/en\/despre-frds\/#breadcrumb\",\"itemListElement\":[{\"@type\":\"ListItem\",\"position\":1,\"name\":\"Home\",\"item\":\"https:\/\/desegregare.ro\/\"},{\"@type\":\"ListItem\",\"position\":2,\"name\":\"Fondul Rom\u00e2n de Dezvoltare Social\u0103\"}]},{\"@type\":\"WebSite\",\"@id\":\"https:\/\/desegregare.ro\/#website\",\"url\":\"https:\/\/desegregare.ro\/\",\"name\":\"ZMC | Proiect Pata 2.0\",\"description\":\"Asocia\u0163ia de Dezvoltare Intercomunitar\u0103 Zona Metropolitan\u0103 Cluj\",\"publisher\":{\"@id\":\"https:\/\/desegregare.ro\/#organization\"},\"potentialAction\":[{\"@type\":\"SearchAction\",\"target\":{\"@type\":\"EntryPoint\",\"urlTemplate\":\"https:\/\/desegregare.ro\/?s={search_term_string}\"},\"query-input\":{\"@type\":\"PropertyValueSpecification\",\"valueRequired\":true,\"valueName\":\"search_term_string\"}}],\"inLanguage\":\"en-GB\"},{\"@type\":\"Organization\",\"@id\":\"https:\/\/desegregare.ro\/#organization\",\"name\":\"Zona Metropolitan\u0103 Cluj\",\"url\":\"https:\/\/desegregare.ro\/\",\"logo\":{\"@type\":\"ImageObject\",\"inLanguage\":\"en-GB\",\"@id\":\"https:\/\/desegregare.ro\/#\/schema\/logo\/image\/\",\"url\":\"https:\/\/desegregare.ro\/wp-content\/uploads\/2020\/06\/header_antent.png\",\"contentUrl\":\"https:\/\/desegregare.ro\/wp-content\/uploads\/2020\/06\/header_antent.png\",\"width\":318,\"height\":125,\"caption\":\"Zona Metropolitan\u0103 Cluj\"},\"image\":{\"@id\":\"https:\/\/desegregare.ro\/#\/schema\/logo\/image\/\"},\"sameAs\":[\"https:\/\/www.facebook.com\/ClujMetro\/\",\"https:\/\/x.com\/clujmetro\"]}]}<\/script>\n<!-- \/ Yoast SEO plugin. -->","yoast_head_json":{"title":"Fondul Rom\u00e2n de Dezvoltare Social\u0103 - Proiect Pata 2.0","robots":{"index":"index","follow":"follow","max-snippet":"max-snippet:-1","max-image-preview":"max-image-preview:large","max-video-preview":"max-video-preview:-1"},"canonical":"https:\/\/desegregare.ro\/en\/despre-frds\/","og_locale":"en_GB","og_type":"article","og_title":"Fondul Rom\u00e2n de Dezvoltare Social\u0103 - Proiect Pata 2.0","og_description":"Fondul Rom\u00e2n de Dezvoltare Social\u0103 (FRDS) este un organism de interes public \u00eenfiin\u021bat de Guvernul Rom\u00e2niei prin Legea nr. 129\/1998 (...)","og_url":"https:\/\/desegregare.ro\/en\/despre-frds\/","og_site_name":"Proiect Pata 2.0","article_publisher":"https:\/\/www.facebook.com\/ClujMetro\/","article_modified_time":"2020-08-04T06:37:28+00:00","twitter_card":"summary_large_image","twitter_site":"@clujmetro","twitter_misc":{"Estimated reading time":"1 minute"},"schema":{"@context":"https:\/\/schema.org","@graph":[{"@type":"WebPage","@id":"https:\/\/desegregare.ro\/en\/despre-frds\/","url":"https:\/\/desegregare.ro\/en\/despre-frds\/","name":"Fondul Rom\u00e2n de Dezvoltare Social\u0103 - Proiect Pata 2.0","isPartOf":{"@id":"https:\/\/desegregare.ro\/#website"},"datePublished":"2020-05-28T09:59:43+00:00","dateModified":"2020-08-04T06:37:28+00:00","breadcrumb":{"@id":"https:\/\/desegregare.ro\/en\/despre-frds\/#breadcrumb"},"inLanguage":"en-GB","potentialAction":[{"@type":"ReadAction","target":["https:\/\/desegregare.ro\/en\/despre-frds\/"]}]},{"@type":"BreadcrumbList","@id":"https:\/\/desegregare.ro\/en\/despre-frds\/#breadcrumb","itemListElement":[{"@type":"ListItem","position":1,"name":"Home","item":"https:\/\/desegregare.ro\/"},{"@type":"ListItem","position":2,"name":"Fondul Rom\u00e2n de Dezvoltare Social\u0103"}]},{"@type":"WebSite","@id":"https:\/\/desegregare.ro\/#website","url":"https:\/\/desegregare.ro\/","name":"ZMC | Proiect Pata 2.0","description":"Asocia\u0163ia de Dezvoltare Intercomunitar\u0103 Zona Metropolitan\u0103 Cluj","publisher":{"@id":"https:\/\/desegregare.ro\/#organization"},"potentialAction":[{"@type":"SearchAction","target":{"@type":"EntryPoint","urlTemplate":"https:\/\/desegregare.ro\/?s={search_term_string}"},"query-input":{"@type":"PropertyValueSpecification","valueRequired":true,"valueName":"search_term_string"}}],"inLanguage":"en-GB"},{"@type":"Organization","@id":"https:\/\/desegregare.ro\/#organization","name":"Zona Metropolitan\u0103 Cluj","url":"https:\/\/desegregare.ro\/","logo":{"@type":"ImageObject","inLanguage":"en-GB","@id":"https:\/\/desegregare.ro\/#\/schema\/logo\/image\/","url":"https:\/\/desegregare.ro\/wp-content\/uploads\/2020\/06\/header_antent.png","contentUrl":"https:\/\/desegregare.ro\/wp-content\/uploads\/2020\/06\/header_antent.png","width":318,"height":125,"caption":"Zona Metropolitan\u0103 Cluj"},"image":{"@id":"https:\/\/desegregare.ro\/#\/schema\/logo\/image\/"},"sameAs":["https:\/\/www.facebook.com\/ClujMetro\/","https:\/\/x.com\/clujmetro"]}]}},"_links":{"self":[{"href":"https:\/\/desegregare.ro\/en\/wp-json\/wp\/v2\/pages\/161"}],"collection":[{"href":"https:\/\/desegregare.ro\/en\/wp-json\/wp\/v2\/pages"}],"about":[{"href":"https:\/\/desegregare.ro\/en\/wp-json\/wp\/v2\/types\/page"}],"author":[{"embeddable":true,"href":"https:\/\/desegregare.ro\/en\/wp-json\/wp\/v2\/users\/1"}],"replies":[{"embeddable":true,"href":"https:\/\/desegregare.ro\/en\/wp-json\/wp\/v2\/comments?post=161"}],"version-history":[{"count":7,"href":"https:\/\/desegregare.ro\/en\/wp-json\/wp\/v2\/pages\/161\/revisions"}],"predecessor-version":[{"id":606,"href":"https:\/\/desegregare.ro\/en\/wp-json\/wp\/v2\/pages\/161\/revisions\/606"}],"wp:attachment":[{"href":"https:\/\/desegregare.ro\/en\/wp-json\/wp\/v2\/media?parent=161"}],"curies":[{"name":"wp","href":"https:\/\/api.w.org\/{rel}","templated":true}]}}