{"id":163,"date":"2020-05-28T13:00:55","date_gmt":"2020-05-28T10:00:55","guid":{"rendered":"https:\/\/desegregare.ro\/wp\/?page_id=163"},"modified":"2020-06-16T13:39:46","modified_gmt":"2020-06-16T10:39:46","slug":"despre-granturile-see","status":"publish","type":"page","link":"https:\/\/desegregare.ro\/en\/despre-granturile-see\/","title":{"rendered":"European Economic Area and Norway Grants"},"content":{"rendered":"<p>European Economic Area (EEA) and Norway Grants represent the contribution of Iceland, the Principality of Liechtenstein and the Kingdom of Norway to the alleviation of economic and social disparities in the European Economic Area and to the strengthening of bilateral relations with the 15 beneficiary countries in Eastern and Southern Europe and the Baltic States.<\/p>\r\n\r\n\r\n\r\n<p>These financing mechanisms are established on the basis of the Agreement on the European Economic Area, which brings together the EU Member States and Iceland, Liechtenstein and Norway as equal partners in the internal market.<\/p>\r\n\r\n\r\n\r\n<p>The three countries contributed EUR 3,3 billion between 1994 and 2014 and EUR 2,8 billion for 2014-2021 funding timeframe. EEA Grants are financed by al three donors, while Norwegian Grants are financed exclusively by Norway and are available in the 13 countries that joined the EU after 2003.<\/p>\r\n\r\n\r\n\r\n<p>The funds are distributed on funding programmes in the specific priority sectors and in the areas, objectives and expected results established with each Beneficiary State.<\/p>\r\n\r\n\r\n\r\n<p><strong>EEA and Norway Grants in Romania<\/strong><\/p>\r\n\r\n\r\n\r\n<p>Cooperation between Romania and the countries of the European Economic Area (EEA) began following the accession to the European Union on 01 January 2007, and Romania became a Contracting Party to the EEA Agreement on 25 July 2007.<\/p>\r\n\r\n\r\n\r\n<p>Thus, Romania benefited from an allocation of EUR 906 million, for three funding periods:<\/p>\r\n\r\n\r\n\r\n<p>2007-2009: 98,5 million euro, through which 69 projects were funded in areas such as environmental protection, health, cultural heritage and an absorption rate of 88\u00a0%.<\/p>\r\n\r\n\r\n\r\n<p>2009-2014: 305,95 million euro, through which 830 projects were funded in 22 funding programmes concluded in December 2017.\u00a0<\/p>\r\n\r\n\r\n\r\n<p>2014-2021: 502 million euro, allocated to 12 funding programmes (ongoing).<\/p>\r\n\r\n\r\n\r\n<p><strong>EEA and Norway Grants 2014-2021<\/strong><\/p>\r\n\r\n\r\n\r\n<p>Under the Memorandum of Understanding signed on 13 October 2016 between the Government of Romania and the donor states, projects will be financed from 2018 to 2024 under the 12 established funding programmes in the areas of:<\/p>\r\n\r\n\r\n\r\n<ul class=\"wp-block-list\">\r\n<li>local development, poverty alleviation, the inclusion of Roma, children and young people at risk, human rights<\/li>\r\n<li>renewable energy, energy efficiency, energy security<\/li>\r\n<li>business development, innovation and SME<\/li>\r\n<li>public health<\/li>\r\n<li>research<\/li>\r\n<li>cultural heritage, cultural entrepreneurship and cultural cooperation<\/li>\r\n<li>Justice, correctional services, tackling domestic and gender-based violence<\/li>\r\n<li>home affairs, police cooperation and the fight against crime<\/li>\r\n<li>education, scholarships, apprenticeship and entrepreneurship for young people<\/li>\r\n<li>social dialogue and decent working conditions<\/li>\r\n<li>active citizenship \u2014 civil society<\/li>\r\n<li>environment and climate change<\/li>\r\n<\/ul>\r\n\r\n\r\n\r\n<p>More details on EEA and Norway Grants are available here: <a href=\"http:\/\/www.eeagrants.ro\">www.eeagrants.ro, <\/a><a href=\"http:\/\/www.eeagrants.org\">www.eeagrants.org<\/a>, <a href=\"http:\/\/www.norwaygrants.org\" target=\"_blank\" rel=\"noopener noreferrer\">www.norwaygrants.org<\/a> \u0219i <a href=\"http:\/\/data.eeagrants.org\" target=\"_blank\" rel=\"noopener noreferrer\">data.eeagrants.org<\/a>.<\/p>","protected":false},"excerpt":{"rendered":"<p>Granturile Spa\u021biului Economic European (SEE) \u0219i Norvegiene reprezint\u0103 contribu\u021bia Islandei, Principatului Liechtenstein \u0219i Regatului Norvegiei la reducerea disparit\u0103\u021bilor economice \u0219i <a class=\"more-link\" href=\"https:\/\/desegregare.ro\/en\/despre-granturile-see\/\">(&#8230;)<\/a><\/p>","protected":false},"author":1,"featured_media":0,"parent":0,"menu_order":0,"comment_status":"closed","ping_status":"closed","template":"","meta":{"footnotes":""},"class_list":["post-163","page","type-page","status-publish","hentry"],"yoast_head":"<!-- This site is optimized with the Yoast SEO plugin v24.0 - https:\/\/yoast.com\/wordpress\/plugins\/seo\/ -->\n<title>Granturile Spa\u021biului Economic European \u0219i Norvegiene - Proiect Pata 2.0<\/title>\n<meta name=\"robots\" content=\"index, follow, max-snippet:-1, max-image-preview:large, max-video-preview:-1\" \/>\n<link rel=\"canonical\" href=\"https:\/\/desegregare.ro\/en\/despre-granturile-see\/\" \/>\n<meta property=\"og:locale\" content=\"en_GB\" \/>\n<meta property=\"og:type\" content=\"article\" \/>\n<meta property=\"og:title\" content=\"Granturile Spa\u021biului Economic European \u0219i Norvegiene - Proiect Pata 2.0\" \/>\n<meta property=\"og:description\" content=\"Granturile Spa\u021biului Economic European (SEE) \u0219i Norvegiene reprezint\u0103 contribu\u021bia Islandei, Principatului Liechtenstein \u0219i Regatului Norvegiei la reducerea disparit\u0103\u021bilor economice \u0219i (...)\" \/>\n<meta property=\"og:url\" content=\"https:\/\/desegregare.ro\/en\/despre-granturile-see\/\" \/>\n<meta property=\"og:site_name\" content=\"Proiect Pata 2.0\" \/>\n<meta property=\"article:publisher\" content=\"https:\/\/www.facebook.com\/ClujMetro\/\" \/>\n<meta property=\"article:modified_time\" content=\"2020-06-16T10:39:46+00:00\" \/>\n<meta name=\"twitter:card\" content=\"summary_large_image\" \/>\n<meta name=\"twitter:site\" content=\"@clujmetro\" \/>\n<meta name=\"twitter:label1\" content=\"Estimated reading time\" \/>\n\t<meta name=\"twitter:data1\" content=\"2 minutes\" \/>\n<script type=\"application\/ld+json\" class=\"yoast-schema-graph\">{\"@context\":\"https:\/\/schema.org\",\"@graph\":[{\"@type\":\"WebPage\",\"@id\":\"https:\/\/desegregare.ro\/en\/despre-granturile-see\/\",\"url\":\"https:\/\/desegregare.ro\/en\/despre-granturile-see\/\",\"name\":\"Granturile Spa\u021biului Economic European \u0219i Norvegiene - Proiect Pata 2.0\",\"isPartOf\":{\"@id\":\"https:\/\/desegregare.ro\/#website\"},\"datePublished\":\"2020-05-28T10:00:55+00:00\",\"dateModified\":\"2020-06-16T10:39:46+00:00\",\"breadcrumb\":{\"@id\":\"https:\/\/desegregare.ro\/en\/despre-granturile-see\/#breadcrumb\"},\"inLanguage\":\"en-GB\",\"potentialAction\":[{\"@type\":\"ReadAction\",\"target\":[\"https:\/\/desegregare.ro\/en\/despre-granturile-see\/\"]}]},{\"@type\":\"BreadcrumbList\",\"@id\":\"https:\/\/desegregare.ro\/en\/despre-granturile-see\/#breadcrumb\",\"itemListElement\":[{\"@type\":\"ListItem\",\"position\":1,\"name\":\"Home\",\"item\":\"https:\/\/desegregare.ro\/\"},{\"@type\":\"ListItem\",\"position\":2,\"name\":\"Granturile Spa\u021biului Economic European \u0219i Norvegiene\"}]},{\"@type\":\"WebSite\",\"@id\":\"https:\/\/desegregare.ro\/#website\",\"url\":\"https:\/\/desegregare.ro\/\",\"name\":\"ZMC | Proiect Pata 2.0\",\"description\":\"Asocia\u0163ia de Dezvoltare Intercomunitar\u0103 Zona Metropolitan\u0103 Cluj\",\"publisher\":{\"@id\":\"https:\/\/desegregare.ro\/#organization\"},\"potentialAction\":[{\"@type\":\"SearchAction\",\"target\":{\"@type\":\"EntryPoint\",\"urlTemplate\":\"https:\/\/desegregare.ro\/?s={search_term_string}\"},\"query-input\":{\"@type\":\"PropertyValueSpecification\",\"valueRequired\":true,\"valueName\":\"search_term_string\"}}],\"inLanguage\":\"en-GB\"},{\"@type\":\"Organization\",\"@id\":\"https:\/\/desegregare.ro\/#organization\",\"name\":\"Zona Metropolitan\u0103 Cluj\",\"url\":\"https:\/\/desegregare.ro\/\",\"logo\":{\"@type\":\"ImageObject\",\"inLanguage\":\"en-GB\",\"@id\":\"https:\/\/desegregare.ro\/#\/schema\/logo\/image\/\",\"url\":\"https:\/\/desegregare.ro\/wp-content\/uploads\/2020\/06\/header_antent.png\",\"contentUrl\":\"https:\/\/desegregare.ro\/wp-content\/uploads\/2020\/06\/header_antent.png\",\"width\":318,\"height\":125,\"caption\":\"Zona Metropolitan\u0103 Cluj\"},\"image\":{\"@id\":\"https:\/\/desegregare.ro\/#\/schema\/logo\/image\/\"},\"sameAs\":[\"https:\/\/www.facebook.com\/ClujMetro\/\",\"https:\/\/x.com\/clujmetro\"]}]}<\/script>\n<!-- \/ Yoast SEO plugin. -->","yoast_head_json":{"title":"Granturile Spa\u021biului Economic European \u0219i Norvegiene - Proiect Pata 2.0","robots":{"index":"index","follow":"follow","max-snippet":"max-snippet:-1","max-image-preview":"max-image-preview:large","max-video-preview":"max-video-preview:-1"},"canonical":"https:\/\/desegregare.ro\/en\/despre-granturile-see\/","og_locale":"en_GB","og_type":"article","og_title":"Granturile Spa\u021biului Economic European \u0219i Norvegiene - Proiect Pata 2.0","og_description":"Granturile Spa\u021biului Economic European (SEE) \u0219i Norvegiene reprezint\u0103 contribu\u021bia Islandei, Principatului Liechtenstein \u0219i Regatului Norvegiei la reducerea disparit\u0103\u021bilor economice \u0219i (...)","og_url":"https:\/\/desegregare.ro\/en\/despre-granturile-see\/","og_site_name":"Proiect Pata 2.0","article_publisher":"https:\/\/www.facebook.com\/ClujMetro\/","article_modified_time":"2020-06-16T10:39:46+00:00","twitter_card":"summary_large_image","twitter_site":"@clujmetro","twitter_misc":{"Estimated reading time":"2 minutes"},"schema":{"@context":"https:\/\/schema.org","@graph":[{"@type":"WebPage","@id":"https:\/\/desegregare.ro\/en\/despre-granturile-see\/","url":"https:\/\/desegregare.ro\/en\/despre-granturile-see\/","name":"Granturile Spa\u021biului Economic European \u0219i Norvegiene - Proiect Pata 2.0","isPartOf":{"@id":"https:\/\/desegregare.ro\/#website"},"datePublished":"2020-05-28T10:00:55+00:00","dateModified":"2020-06-16T10:39:46+00:00","breadcrumb":{"@id":"https:\/\/desegregare.ro\/en\/despre-granturile-see\/#breadcrumb"},"inLanguage":"en-GB","potentialAction":[{"@type":"ReadAction","target":["https:\/\/desegregare.ro\/en\/despre-granturile-see\/"]}]},{"@type":"BreadcrumbList","@id":"https:\/\/desegregare.ro\/en\/despre-granturile-see\/#breadcrumb","itemListElement":[{"@type":"ListItem","position":1,"name":"Home","item":"https:\/\/desegregare.ro\/"},{"@type":"ListItem","position":2,"name":"Granturile Spa\u021biului Economic European \u0219i Norvegiene"}]},{"@type":"WebSite","@id":"https:\/\/desegregare.ro\/#website","url":"https:\/\/desegregare.ro\/","name":"ZMC | Proiect Pata 2.0","description":"Asocia\u0163ia de Dezvoltare Intercomunitar\u0103 Zona Metropolitan\u0103 Cluj","publisher":{"@id":"https:\/\/desegregare.ro\/#organization"},"potentialAction":[{"@type":"SearchAction","target":{"@type":"EntryPoint","urlTemplate":"https:\/\/desegregare.ro\/?s={search_term_string}"},"query-input":{"@type":"PropertyValueSpecification","valueRequired":true,"valueName":"search_term_string"}}],"inLanguage":"en-GB"},{"@type":"Organization","@id":"https:\/\/desegregare.ro\/#organization","name":"Zona Metropolitan\u0103 Cluj","url":"https:\/\/desegregare.ro\/","logo":{"@type":"ImageObject","inLanguage":"en-GB","@id":"https:\/\/desegregare.ro\/#\/schema\/logo\/image\/","url":"https:\/\/desegregare.ro\/wp-content\/uploads\/2020\/06\/header_antent.png","contentUrl":"https:\/\/desegregare.ro\/wp-content\/uploads\/2020\/06\/header_antent.png","width":318,"height":125,"caption":"Zona Metropolitan\u0103 Cluj"},"image":{"@id":"https:\/\/desegregare.ro\/#\/schema\/logo\/image\/"},"sameAs":["https:\/\/www.facebook.com\/ClujMetro\/","https:\/\/x.com\/clujmetro"]}]}},"_links":{"self":[{"href":"https:\/\/desegregare.ro\/en\/wp-json\/wp\/v2\/pages\/163"}],"collection":[{"href":"https:\/\/desegregare.ro\/en\/wp-json\/wp\/v2\/pages"}],"about":[{"href":"https:\/\/desegregare.ro\/en\/wp-json\/wp\/v2\/types\/page"}],"author":[{"embeddable":true,"href":"https:\/\/desegregare.ro\/en\/wp-json\/wp\/v2\/users\/1"}],"replies":[{"embeddable":true,"href":"https:\/\/desegregare.ro\/en\/wp-json\/wp\/v2\/comments?post=163"}],"version-history":[{"count":6,"href":"https:\/\/desegregare.ro\/en\/wp-json\/wp\/v2\/pages\/163\/revisions"}],"predecessor-version":[{"id":513,"href":"https:\/\/desegregare.ro\/en\/wp-json\/wp\/v2\/pages\/163\/revisions\/513"}],"wp:attachment":[{"href":"https:\/\/desegregare.ro\/en\/wp-json\/wp\/v2\/media?parent=163"}],"curies":[{"name":"wp","href":"https:\/\/api.w.org\/{rel}","templated":true}]}}