{"id":321,"date":"2020-05-29T12:05:35","date_gmt":"2020-05-29T09:05:35","guid":{"rendered":"https:\/\/desegregare.ro\/?page_id=321"},"modified":"2024-10-10T10:17:11","modified_gmt":"2024-10-10T07:17:11","slug":"bine-ati-venit","status":"publish","type":"page","link":"https:\/\/desegregare.ro\/en\/","title":{"rendered":""},"content":{"rendered":"<div data-elementor-type=\"wp-page\" data-elementor-id=\"321\" class=\"elementor elementor-321\">\n\t\t\t\t\t\t\t<div class=\"elementor-element elementor-element-6fa905d5 e-flex e-con-boxed e-con e-parent\" data-id=\"6fa905d5\" data-element_type=\"container\" data-settings=\"{&quot;content_width&quot;:&quot;boxed&quot;}\" data-core-v316-plus=\"true\">\n\t\t\t\t\t<div class=\"e-con-inner\">\n\t\t\t\t<div class=\"elementor-element elementor-element-62093e89 elementor-widget elementor-widget-text-editor\" data-id=\"62093e89\" data-element_type=\"widget\" data-widget_type=\"text-editor.default\">\n\t\t\t\t<div class=\"elementor-widget-container\">\n\t\t\t<style>\/*! elementor - v3.18.0 - 20-12-2023 *\/\n.elementor-widget-text-editor.elementor-drop-cap-view-stacked .elementor-drop-cap{background-color:#69727d;color:#fff}.elementor-widget-text-editor.elementor-drop-cap-view-framed .elementor-drop-cap{color:#69727d;border:3px solid;background-color:transparent}.elementor-widget-text-editor:not(.elementor-drop-cap-view-default) .elementor-drop-cap{margin-top:8px}.elementor-widget-text-editor:not(.elementor-drop-cap-view-default) .elementor-drop-cap-letter{width:1em;height:1em}.elementor-widget-text-editor .elementor-drop-cap{float:left;text-align:center;line-height:1;font-size:50px}.elementor-widget-text-editor .elementor-drop-cap-letter{display:inline-block}<\/style>\t\t\t\t<p><span style=\"color: #999999;\"><img decoding=\"async\" class=\"alignleft size-full wp-image-55\" src=\"https:\/\/desegregare.ro\/wp-content\/uploads\/2020\/05\/pata_2.0_logo_bold.png\" alt=\"\" width=\"137\" height=\"100\" \/>Bine a\u021bi venit pe site-ul oficial al proiectului \u201eInterven\u021bii integrate replicabile pentru locuire incluziv\u0103 \u0219i combaterea marginaliz\u0103rii \u00een Zona Metropolitan\u0103 Cluj\u201d, prescurtat informal \u201ePata 2\u201d. <a href=\"https:\/\/desegregare.ro\/en\/pata-2-0-la-final-ce-am-facut\/\" target=\"_blank\" rel=\"noopener\">Aici g\u0103si\u021bi o sintez\u0103 a principalelor rezultate ale proiectului<\/a>.<\/span><\/p>\n<p><span style=\"color: #999999;\">\u00a0<\/span><\/p>\n<p><!-- \/wp:paragraph --><\/p>\t\t\t\t\t\t<\/div>\n\t\t\t\t<\/div>\n\t\t\t\t\t<\/div>\n\t\t\t\t<\/div>\n\t\t\t\t\t\t\t<\/div>","protected":false},"excerpt":{"rendered":"<p>Bine a\u021bi venit pe site-ul oficial al proiectului \u201eInterven\u021bii integrate replicabile pentru locuire incluziv\u0103 \u0219i combaterea marginaliz\u0103rii \u00een Zona Metropolitan\u0103 <a class=\"more-link\" href=\"https:\/\/desegregare.ro\/en\/\">(&#8230;)<\/a><\/p>","protected":false},"author":2,"featured_media":216,"parent":0,"menu_order":0,"comment_status":"closed","ping_status":"closed","template":"","meta":{"footnotes":""},"class_list":["post-321","page","type-page","status-publish","has-post-thumbnail","hentry"],"yoast_head":"<!-- This site is optimized with the Yoast SEO plugin v24.0 - https:\/\/yoast.com\/wordpress\/plugins\/seo\/ -->\n<title>- Proiect Pata 2.0<\/title>\n<meta name=\"description\" content=\"Proiectului Pata 2.0 este derulat de Asocia\u021bia de Dezvoltare Intercomunitar\u0103 Zona Metropolitan\u0103 Cluj, finan\u021bat prin Granturile SEE \u0219i Norvegiene.\" \/>\n<meta name=\"robots\" content=\"index, follow, max-snippet:-1, max-image-preview:large, max-video-preview:-1\" \/>\n<link rel=\"canonical\" href=\"https:\/\/desegregare.ro\/en\/\" \/>\n<meta property=\"og:locale\" content=\"en_GB\" \/>\n<meta property=\"og:type\" content=\"article\" \/>\n<meta property=\"og:title\" content=\"- Proiect Pata 2.0\" \/>\n<meta property=\"og:description\" content=\"Proiectului Pata 2.0 este derulat de Asocia\u021bia de Dezvoltare Intercomunitar\u0103 Zona Metropolitan\u0103 Cluj, finan\u021bat prin Granturile SEE \u0219i Norvegiene.\" \/>\n<meta property=\"og:url\" content=\"https:\/\/desegregare.ro\/en\/\" \/>\n<meta property=\"og:site_name\" content=\"Proiect Pata 2.0\" \/>\n<meta property=\"article:publisher\" content=\"https:\/\/www.facebook.com\/ClujMetro\/\" \/>\n<meta property=\"article:modified_time\" content=\"2024-10-10T07:17:11+00:00\" \/>\n<meta property=\"og:image\" content=\"https:\/\/desegregare.ro\/wp-content\/uploads\/2020\/05\/featured-project-logo-5.png\" \/>\n\t<meta property=\"og:image:width\" content=\"1200\" \/>\n\t<meta property=\"og:image:height\" content=\"744\" \/>\n\t<meta property=\"og:image:type\" content=\"image\/png\" \/>\n<meta name=\"twitter:card\" content=\"summary_large_image\" \/>\n<meta name=\"twitter:site\" content=\"@clujmetro\" \/>\n<meta name=\"twitter:label1\" content=\"Estimated reading time\" \/>\n\t<meta name=\"twitter:data1\" content=\"1 minute\" \/>\n<script type=\"application\/ld+json\" class=\"yoast-schema-graph\">{\"@context\":\"https:\/\/schema.org\",\"@graph\":[{\"@type\":\"WebPage\",\"@id\":\"https:\/\/desegregare.ro\/\",\"url\":\"https:\/\/desegregare.ro\/\",\"name\":\"- Proiect Pata 2.0\",\"isPartOf\":{\"@id\":\"https:\/\/desegregare.ro\/#website\"},\"primaryImageOfPage\":{\"@id\":\"https:\/\/desegregare.ro\/#primaryimage\"},\"image\":{\"@id\":\"https:\/\/desegregare.ro\/#primaryimage\"},\"thumbnailUrl\":\"https:\/\/desegregare.ro\/wp-content\/uploads\/2020\/05\/featured-project-logo-5.png\",\"datePublished\":\"2020-05-29T09:05:35+00:00\",\"dateModified\":\"2024-10-10T07:17:11+00:00\",\"description\":\"Proiectului Pata 2.0 este derulat de Asocia\u021bia de Dezvoltare Intercomunitar\u0103 Zona Metropolitan\u0103 Cluj, finan\u021bat prin Granturile SEE \u0219i Norvegiene.\",\"inLanguage\":\"en-GB\",\"potentialAction\":[{\"@type\":\"ReadAction\",\"target\":[\"https:\/\/desegregare.ro\/\"]}]},{\"@type\":\"ImageObject\",\"inLanguage\":\"en-GB\",\"@id\":\"https:\/\/desegregare.ro\/#primaryimage\",\"url\":\"https:\/\/desegregare.ro\/wp-content\/uploads\/2020\/05\/featured-project-logo-5.png\",\"contentUrl\":\"https:\/\/desegregare.ro\/wp-content\/uploads\/2020\/05\/featured-project-logo-5.png\",\"width\":1200,\"height\":744},{\"@type\":\"WebSite\",\"@id\":\"https:\/\/desegregare.ro\/#website\",\"url\":\"https:\/\/desegregare.ro\/\",\"name\":\"ZMC | Proiect Pata 2.0\",\"description\":\"Asocia\u0163ia de Dezvoltare Intercomunitar\u0103 Zona Metropolitan\u0103 Cluj\",\"publisher\":{\"@id\":\"https:\/\/desegregare.ro\/#organization\"},\"potentialAction\":[{\"@type\":\"SearchAction\",\"target\":{\"@type\":\"EntryPoint\",\"urlTemplate\":\"https:\/\/desegregare.ro\/?s={search_term_string}\"},\"query-input\":{\"@type\":\"PropertyValueSpecification\",\"valueRequired\":true,\"valueName\":\"search_term_string\"}}],\"inLanguage\":\"en-GB\"},{\"@type\":\"Organization\",\"@id\":\"https:\/\/desegregare.ro\/#organization\",\"name\":\"Zona Metropolitan\u0103 Cluj\",\"url\":\"https:\/\/desegregare.ro\/\",\"logo\":{\"@type\":\"ImageObject\",\"inLanguage\":\"en-GB\",\"@id\":\"https:\/\/desegregare.ro\/#\/schema\/logo\/image\/\",\"url\":\"https:\/\/desegregare.ro\/wp-content\/uploads\/2020\/06\/header_antent.png\",\"contentUrl\":\"https:\/\/desegregare.ro\/wp-content\/uploads\/2020\/06\/header_antent.png\",\"width\":318,\"height\":125,\"caption\":\"Zona Metropolitan\u0103 Cluj\"},\"image\":{\"@id\":\"https:\/\/desegregare.ro\/#\/schema\/logo\/image\/\"},\"sameAs\":[\"https:\/\/www.facebook.com\/ClujMetro\/\",\"https:\/\/x.com\/clujmetro\"]}]}<\/script>\n<!-- \/ Yoast SEO plugin. -->","yoast_head_json":{"title":"- Proiect Pata 2.0","description":"Proiectului Pata 2.0 este derulat de Asocia\u021bia de Dezvoltare Intercomunitar\u0103 Zona Metropolitan\u0103 Cluj, finan\u021bat prin Granturile SEE \u0219i Norvegiene.","robots":{"index":"index","follow":"follow","max-snippet":"max-snippet:-1","max-image-preview":"max-image-preview:large","max-video-preview":"max-video-preview:-1"},"canonical":"https:\/\/desegregare.ro\/en\/","og_locale":"en_GB","og_type":"article","og_title":"- Proiect Pata 2.0","og_description":"Proiectului Pata 2.0 este derulat de Asocia\u021bia de Dezvoltare Intercomunitar\u0103 Zona Metropolitan\u0103 Cluj, finan\u021bat prin Granturile SEE \u0219i Norvegiene.","og_url":"https:\/\/desegregare.ro\/en\/","og_site_name":"Proiect Pata 2.0","article_publisher":"https:\/\/www.facebook.com\/ClujMetro\/","article_modified_time":"2024-10-10T07:17:11+00:00","og_image":[{"width":1200,"height":744,"url":"https:\/\/desegregare.ro\/wp-content\/uploads\/2020\/05\/featured-project-logo-5.png","type":"image\/png"}],"twitter_card":"summary_large_image","twitter_site":"@clujmetro","twitter_misc":{"Estimated reading time":"1 minute"},"schema":{"@context":"https:\/\/schema.org","@graph":[{"@type":"WebPage","@id":"https:\/\/desegregare.ro\/","url":"https:\/\/desegregare.ro\/","name":"- Proiect Pata 2.0","isPartOf":{"@id":"https:\/\/desegregare.ro\/#website"},"primaryImageOfPage":{"@id":"https:\/\/desegregare.ro\/#primaryimage"},"image":{"@id":"https:\/\/desegregare.ro\/#primaryimage"},"thumbnailUrl":"https:\/\/desegregare.ro\/wp-content\/uploads\/2020\/05\/featured-project-logo-5.png","datePublished":"2020-05-29T09:05:35+00:00","dateModified":"2024-10-10T07:17:11+00:00","description":"Proiectului Pata 2.0 este derulat de Asocia\u021bia de Dezvoltare Intercomunitar\u0103 Zona Metropolitan\u0103 Cluj, finan\u021bat prin Granturile SEE \u0219i Norvegiene.","inLanguage":"en-GB","potentialAction":[{"@type":"ReadAction","target":["https:\/\/desegregare.ro\/"]}]},{"@type":"ImageObject","inLanguage":"en-GB","@id":"https:\/\/desegregare.ro\/#primaryimage","url":"https:\/\/desegregare.ro\/wp-content\/uploads\/2020\/05\/featured-project-logo-5.png","contentUrl":"https:\/\/desegregare.ro\/wp-content\/uploads\/2020\/05\/featured-project-logo-5.png","width":1200,"height":744},{"@type":"WebSite","@id":"https:\/\/desegregare.ro\/#website","url":"https:\/\/desegregare.ro\/","name":"ZMC | Proiect Pata 2.0","description":"Asocia\u0163ia de Dezvoltare Intercomunitar\u0103 Zona Metropolitan\u0103 Cluj","publisher":{"@id":"https:\/\/desegregare.ro\/#organization"},"potentialAction":[{"@type":"SearchAction","target":{"@type":"EntryPoint","urlTemplate":"https:\/\/desegregare.ro\/?s={search_term_string}"},"query-input":{"@type":"PropertyValueSpecification","valueRequired":true,"valueName":"search_term_string"}}],"inLanguage":"en-GB"},{"@type":"Organization","@id":"https:\/\/desegregare.ro\/#organization","name":"Zona Metropolitan\u0103 Cluj","url":"https:\/\/desegregare.ro\/","logo":{"@type":"ImageObject","inLanguage":"en-GB","@id":"https:\/\/desegregare.ro\/#\/schema\/logo\/image\/","url":"https:\/\/desegregare.ro\/wp-content\/uploads\/2020\/06\/header_antent.png","contentUrl":"https:\/\/desegregare.ro\/wp-content\/uploads\/2020\/06\/header_antent.png","width":318,"height":125,"caption":"Zona Metropolitan\u0103 Cluj"},"image":{"@id":"https:\/\/desegregare.ro\/#\/schema\/logo\/image\/"},"sameAs":["https:\/\/www.facebook.com\/ClujMetro\/","https:\/\/x.com\/clujmetro"]}]}},"_links":{"self":[{"href":"https:\/\/desegregare.ro\/en\/wp-json\/wp\/v2\/pages\/321"}],"collection":[{"href":"https:\/\/desegregare.ro\/en\/wp-json\/wp\/v2\/pages"}],"about":[{"href":"https:\/\/desegregare.ro\/en\/wp-json\/wp\/v2\/types\/page"}],"author":[{"embeddable":true,"href":"https:\/\/desegregare.ro\/en\/wp-json\/wp\/v2\/users\/2"}],"replies":[{"embeddable":true,"href":"https:\/\/desegregare.ro\/en\/wp-json\/wp\/v2\/comments?post=321"}],"version-history":[{"count":17,"href":"https:\/\/desegregare.ro\/en\/wp-json\/wp\/v2\/pages\/321\/revisions"}],"predecessor-version":[{"id":1489,"href":"https:\/\/desegregare.ro\/en\/wp-json\/wp\/v2\/pages\/321\/revisions\/1489"}],"wp:featuredmedia":[{"embeddable":true,"href":"https:\/\/desegregare.ro\/en\/wp-json\/wp\/v2\/media\/216"}],"wp:attachment":[{"href":"https:\/\/desegregare.ro\/en\/wp-json\/wp\/v2\/media?parent=321"}],"curies":[{"name":"wp","href":"https:\/\/api.w.org\/{rel}","templated":true}]}}