{"id":462,"date":"2020-06-09T21:58:11","date_gmt":"2020-06-09T18:58:11","guid":{"rendered":"https:\/\/desegregare.ro\/?page_id=462"},"modified":"2020-06-16T14:12:17","modified_gmt":"2020-06-16T11:12:17","slug":"facultatea-de-sociologie-si-asistenta-sociala","status":"publish","type":"page","link":"https:\/\/desegregare.ro\/en\/facultatea-de-sociologie-si-asistenta-sociala\/","title":{"rendered":"Faculty of Sociology and Social Assistance"},"content":{"rendered":"<p>The Faculty of Sociology and Social Assistance assumes the mission of \u201cBabe\u015f-Bolyai\u201d University:<\/p>\n<ul>\n<li>carrying out fundamental and applied scientific research by engaging the entire scientific community;<\/li>\n<li>encouraging the diversity of thinking styles and research methods specific to each field, critical thinking as well as multilingual, intercultural and multi-confessional character;<br \/>\nsus\u021binerea noilor genera\u021bii de cadre didactice \u0219i cercet\u0103tori;<\/li>\n<li>fostering democratic values, social inclusion, equal opportunities;<\/li>\n<li>participation in community life and its engagement in the public sphere.<\/li>\n<\/ul>\n<p>The Faculty of Sociology and Social Assistance completes this mission with some specific principles that guide its activity and structure:<\/p>\n<ul>\n<li>consultation, transparency and democratic decision in all bodies representing the faculty;<\/li>\n<li>understanding the faculty as a whole, cooperation and solidarity within it, and<\/li>\n<li>opening the Faculty to collaboration with other departments and research units in the University and in the public space, for the benefit of its students and research activity, in the name of interdisciplinarity and the  plurality of visions and openness.<\/li>\n<\/ul>\n<p>Mai multe detalii g\u0103si\u021bi <a href=\"https:\/\/socasis.ubbcluj.ro\/\" target=\"_blank\" rel=\"noopener noreferrer\">pe pagina oficial\u0103 a facult\u0103\u021bii<\/a>.<\/p>","protected":false},"excerpt":{"rendered":"<p>Facultatea de Sociologie \u0219i Asisten\u021b\u0103 Social\u0103 \u00ee\u0219i asum\u0103 misiunea Universit\u0103\u021bii \u201eBabe\u0219-Bolyai\u201d: desf\u0103\u0219urarea cercet\u0103rii \u0219tiin\u021bifice fundamentale \u0219i aplicate prin angajarea \u00eentregii <a class=\"more-link\" href=\"https:\/\/desegregare.ro\/en\/facultatea-de-sociologie-si-asistenta-sociala\/\">(&#8230;)<\/a><\/p>","protected":false},"author":2,"featured_media":0,"parent":0,"menu_order":0,"comment_status":"closed","ping_status":"closed","template":"","meta":{"footnotes":""},"class_list":["post-462","page","type-page","status-publish","hentry"],"yoast_head":"<!-- This site is optimized with the Yoast SEO plugin v24.0 - https:\/\/yoast.com\/wordpress\/plugins\/seo\/ -->\n<title>Facultatea de Sociologie \u0219i Asisten\u021b\u0103 Social\u0103 - Proiect Pata 2.0<\/title>\n<meta name=\"robots\" content=\"index, follow, max-snippet:-1, max-image-preview:large, max-video-preview:-1\" \/>\n<link rel=\"canonical\" href=\"http:\/\/desegregare.ro\/en\/facultatea-de-sociologie-si-asistenta-sociala\/\" \/>\n<meta property=\"og:locale\" content=\"en_GB\" \/>\n<meta property=\"og:type\" content=\"article\" \/>\n<meta property=\"og:title\" content=\"Facultatea de Sociologie \u0219i Asisten\u021b\u0103 Social\u0103 - Proiect Pata 2.0\" \/>\n<meta property=\"og:description\" content=\"Facultatea de Sociologie \u0219i Asisten\u021b\u0103 Social\u0103 \u00ee\u0219i asum\u0103 misiunea Universit\u0103\u021bii \u201eBabe\u0219-Bolyai\u201d: desf\u0103\u0219urarea cercet\u0103rii \u0219tiin\u021bifice fundamentale \u0219i aplicate prin angajarea \u00eentregii (...)\" \/>\n<meta property=\"og:url\" content=\"http:\/\/desegregare.ro\/en\/facultatea-de-sociologie-si-asistenta-sociala\/\" \/>\n<meta property=\"og:site_name\" content=\"Proiect Pata 2.0\" \/>\n<meta property=\"article:publisher\" content=\"https:\/\/www.facebook.com\/ClujMetro\/\" \/>\n<meta property=\"article:modified_time\" content=\"2020-06-16T11:12:17+00:00\" \/>\n<meta name=\"twitter:card\" content=\"summary_large_image\" \/>\n<meta name=\"twitter:site\" content=\"@clujmetro\" \/>\n<meta name=\"twitter:label1\" content=\"Estimated reading time\" \/>\n\t<meta name=\"twitter:data1\" content=\"1 minute\" \/>\n<script type=\"application\/ld+json\" class=\"yoast-schema-graph\">{\"@context\":\"https:\/\/schema.org\",\"@graph\":[{\"@type\":\"WebPage\",\"@id\":\"http:\/\/desegregare.ro\/en\/facultatea-de-sociologie-si-asistenta-sociala\/\",\"url\":\"http:\/\/desegregare.ro\/en\/facultatea-de-sociologie-si-asistenta-sociala\/\",\"name\":\"Facultatea de Sociologie \u0219i Asisten\u021b\u0103 Social\u0103 - Proiect Pata 2.0\",\"isPartOf\":{\"@id\":\"https:\/\/desegregare.ro\/#website\"},\"datePublished\":\"2020-06-09T18:58:11+00:00\",\"dateModified\":\"2020-06-16T11:12:17+00:00\",\"breadcrumb\":{\"@id\":\"http:\/\/desegregare.ro\/en\/facultatea-de-sociologie-si-asistenta-sociala\/#breadcrumb\"},\"inLanguage\":\"en-GB\",\"potentialAction\":[{\"@type\":\"ReadAction\",\"target\":[\"http:\/\/desegregare.ro\/en\/facultatea-de-sociologie-si-asistenta-sociala\/\"]}]},{\"@type\":\"BreadcrumbList\",\"@id\":\"http:\/\/desegregare.ro\/en\/facultatea-de-sociologie-si-asistenta-sociala\/#breadcrumb\",\"itemListElement\":[{\"@type\":\"ListItem\",\"position\":1,\"name\":\"Home\",\"item\":\"https:\/\/desegregare.ro\/\"},{\"@type\":\"ListItem\",\"position\":2,\"name\":\"Facultatea de Sociologie \u0219i Asisten\u021b\u0103 Social\u0103\"}]},{\"@type\":\"WebSite\",\"@id\":\"https:\/\/desegregare.ro\/#website\",\"url\":\"https:\/\/desegregare.ro\/\",\"name\":\"ZMC | Proiect Pata 2.0\",\"description\":\"Asocia\u0163ia de Dezvoltare Intercomunitar\u0103 Zona Metropolitan\u0103 Cluj\",\"publisher\":{\"@id\":\"https:\/\/desegregare.ro\/#organization\"},\"potentialAction\":[{\"@type\":\"SearchAction\",\"target\":{\"@type\":\"EntryPoint\",\"urlTemplate\":\"https:\/\/desegregare.ro\/?s={search_term_string}\"},\"query-input\":{\"@type\":\"PropertyValueSpecification\",\"valueRequired\":true,\"valueName\":\"search_term_string\"}}],\"inLanguage\":\"en-GB\"},{\"@type\":\"Organization\",\"@id\":\"https:\/\/desegregare.ro\/#organization\",\"name\":\"Zona Metropolitan\u0103 Cluj\",\"url\":\"https:\/\/desegregare.ro\/\",\"logo\":{\"@type\":\"ImageObject\",\"inLanguage\":\"en-GB\",\"@id\":\"https:\/\/desegregare.ro\/#\/schema\/logo\/image\/\",\"url\":\"https:\/\/desegregare.ro\/wp-content\/uploads\/2020\/06\/header_antent.png\",\"contentUrl\":\"https:\/\/desegregare.ro\/wp-content\/uploads\/2020\/06\/header_antent.png\",\"width\":318,\"height\":125,\"caption\":\"Zona Metropolitan\u0103 Cluj\"},\"image\":{\"@id\":\"https:\/\/desegregare.ro\/#\/schema\/logo\/image\/\"},\"sameAs\":[\"https:\/\/www.facebook.com\/ClujMetro\/\",\"https:\/\/x.com\/clujmetro\"]}]}<\/script>\n<!-- \/ Yoast SEO plugin. -->","yoast_head_json":{"title":"Facultatea de Sociologie \u0219i Asisten\u021b\u0103 Social\u0103 - Proiect Pata 2.0","robots":{"index":"index","follow":"follow","max-snippet":"max-snippet:-1","max-image-preview":"max-image-preview:large","max-video-preview":"max-video-preview:-1"},"canonical":"http:\/\/desegregare.ro\/en\/facultatea-de-sociologie-si-asistenta-sociala\/","og_locale":"en_GB","og_type":"article","og_title":"Facultatea de Sociologie \u0219i Asisten\u021b\u0103 Social\u0103 - Proiect Pata 2.0","og_description":"Facultatea de Sociologie \u0219i Asisten\u021b\u0103 Social\u0103 \u00ee\u0219i asum\u0103 misiunea Universit\u0103\u021bii \u201eBabe\u0219-Bolyai\u201d: desf\u0103\u0219urarea cercet\u0103rii \u0219tiin\u021bifice fundamentale \u0219i aplicate prin angajarea \u00eentregii (...)","og_url":"http:\/\/desegregare.ro\/en\/facultatea-de-sociologie-si-asistenta-sociala\/","og_site_name":"Proiect Pata 2.0","article_publisher":"https:\/\/www.facebook.com\/ClujMetro\/","article_modified_time":"2020-06-16T11:12:17+00:00","twitter_card":"summary_large_image","twitter_site":"@clujmetro","twitter_misc":{"Estimated reading time":"1 minute"},"schema":{"@context":"https:\/\/schema.org","@graph":[{"@type":"WebPage","@id":"http:\/\/desegregare.ro\/en\/facultatea-de-sociologie-si-asistenta-sociala\/","url":"http:\/\/desegregare.ro\/en\/facultatea-de-sociologie-si-asistenta-sociala\/","name":"Facultatea de Sociologie \u0219i Asisten\u021b\u0103 Social\u0103 - Proiect Pata 2.0","isPartOf":{"@id":"https:\/\/desegregare.ro\/#website"},"datePublished":"2020-06-09T18:58:11+00:00","dateModified":"2020-06-16T11:12:17+00:00","breadcrumb":{"@id":"http:\/\/desegregare.ro\/en\/facultatea-de-sociologie-si-asistenta-sociala\/#breadcrumb"},"inLanguage":"en-GB","potentialAction":[{"@type":"ReadAction","target":["http:\/\/desegregare.ro\/en\/facultatea-de-sociologie-si-asistenta-sociala\/"]}]},{"@type":"BreadcrumbList","@id":"http:\/\/desegregare.ro\/en\/facultatea-de-sociologie-si-asistenta-sociala\/#breadcrumb","itemListElement":[{"@type":"ListItem","position":1,"name":"Home","item":"https:\/\/desegregare.ro\/"},{"@type":"ListItem","position":2,"name":"Facultatea de Sociologie \u0219i Asisten\u021b\u0103 Social\u0103"}]},{"@type":"WebSite","@id":"https:\/\/desegregare.ro\/#website","url":"https:\/\/desegregare.ro\/","name":"ZMC | Proiect Pata 2.0","description":"Asocia\u0163ia de Dezvoltare Intercomunitar\u0103 Zona Metropolitan\u0103 Cluj","publisher":{"@id":"https:\/\/desegregare.ro\/#organization"},"potentialAction":[{"@type":"SearchAction","target":{"@type":"EntryPoint","urlTemplate":"https:\/\/desegregare.ro\/?s={search_term_string}"},"query-input":{"@type":"PropertyValueSpecification","valueRequired":true,"valueName":"search_term_string"}}],"inLanguage":"en-GB"},{"@type":"Organization","@id":"https:\/\/desegregare.ro\/#organization","name":"Zona Metropolitan\u0103 Cluj","url":"https:\/\/desegregare.ro\/","logo":{"@type":"ImageObject","inLanguage":"en-GB","@id":"https:\/\/desegregare.ro\/#\/schema\/logo\/image\/","url":"https:\/\/desegregare.ro\/wp-content\/uploads\/2020\/06\/header_antent.png","contentUrl":"https:\/\/desegregare.ro\/wp-content\/uploads\/2020\/06\/header_antent.png","width":318,"height":125,"caption":"Zona Metropolitan\u0103 Cluj"},"image":{"@id":"https:\/\/desegregare.ro\/#\/schema\/logo\/image\/"},"sameAs":["https:\/\/www.facebook.com\/ClujMetro\/","https:\/\/x.com\/clujmetro"]}]}},"_links":{"self":[{"href":"https:\/\/desegregare.ro\/en\/wp-json\/wp\/v2\/pages\/462"}],"collection":[{"href":"https:\/\/desegregare.ro\/en\/wp-json\/wp\/v2\/pages"}],"about":[{"href":"https:\/\/desegregare.ro\/en\/wp-json\/wp\/v2\/types\/page"}],"author":[{"embeddable":true,"href":"https:\/\/desegregare.ro\/en\/wp-json\/wp\/v2\/users\/2"}],"replies":[{"embeddable":true,"href":"https:\/\/desegregare.ro\/en\/wp-json\/wp\/v2\/comments?post=462"}],"version-history":[{"count":5,"href":"https:\/\/desegregare.ro\/en\/wp-json\/wp\/v2\/pages\/462\/revisions"}],"predecessor-version":[{"id":516,"href":"https:\/\/desegregare.ro\/en\/wp-json\/wp\/v2\/pages\/462\/revisions\/516"}],"wp:attachment":[{"href":"https:\/\/desegregare.ro\/en\/wp-json\/wp\/v2\/media?parent=462"}],"curies":[{"name":"wp","href":"https:\/\/api.w.org\/{rel}","templated":true}]}}