{"id":503,"date":"2020-06-15T13:24:58","date_gmt":"2020-06-15T10:24:58","guid":{"rendered":"https:\/\/desegregare.ro\/?page_id=503"},"modified":"2020-06-15T13:36:57","modified_gmt":"2020-06-15T10:36:57","slug":"oamenii","status":"publish","type":"page","link":"https:\/\/desegregare.ro\/en\/oamenii\/","title":{"rendered":"The people"},"content":{"rendered":"<p>The Pata-R\u00e2t area is a spatially segregated informal urban settlement, severely deprived socially, economically and of access to public services, located near the landfill of Cluj-Napoca.<\/p>\n<p>The sociological survey carried out by the FSAS UBB in partnership with DASM Cluj-Napoca in November 2017 when developing the Local Development Strategy by the Local Action Group \u201cInclusive Cluster\u201d validated the Pata-R\u00e2t area as a marginalised urban area and indicated a population of cc. 1300 persons, half of which are minors (LDS, 2017)<\/p>\n<p>The area consists of four communities with different social histories: some arrived in Pata-R\u00e2t following evictions from the city, others had to work in selective collection of recyclable waste and settled near the ramp (UNDP &amp; UBB, 2012).<\/p>\n<p>The area is listed in the General Urban Plan as an industrial area and is located in close proximity to temporary landfills. The distance from the city is approx. 6 km and the utility network and public transport are not adequate for residential needs. 67 % of the houses in Pata-R\u00e2t are improvised\/prefabricated barracks. 48.9 % of families do not have proof of land\/mobile ownership, and 29.8 % of families live in barracks owned by private organisations. 90 % of homes have neither bathroom nor kitchen, and 96 % are overcrowded (SDL, 2017). Given the toxic and isolated environment and the fact that the area is classified as an industrial zone, the solution to urban regeneration and infrastructure development in Pata R\u00e2t is not indicated, as it would strengthen residential segregation, obloquy and lack of access to public services.<\/p>\n<p>The main target group of the project also includes precarious and unsafe housing areas, with a population of about 100 people at risk of social marginalisation, from the functional urban areas of the municipality described in SDL 2017, with the risk of evacuation and living in Pata-R\u00e2t.<\/p>\n<p>&nbsp;<\/p>\n<p>&nbsp;<\/p>","protected":false},"excerpt":{"rendered":"<p>Zona Pata-R\u00e2t este o a\u0219ezare urban\u0103 informal\u0103 segregat\u0103 spa\u021bial, sever deprivat\u0103 pe plan social, economic \u0219i al accesului la servicii <a class=\"more-link\" href=\"https:\/\/desegregare.ro\/en\/oamenii\/\">(&#8230;)<\/a><\/p>","protected":false},"author":2,"featured_media":0,"parent":0,"menu_order":0,"comment_status":"closed","ping_status":"closed","template":"","meta":{"footnotes":""},"class_list":["post-503","page","type-page","status-publish","hentry"],"yoast_head":"<!-- This site is optimized with the Yoast SEO plugin v24.0 - https:\/\/yoast.com\/wordpress\/plugins\/seo\/ -->\n<title>Oamenii - Proiect Pata 2.0<\/title>\n<meta name=\"robots\" content=\"index, follow, max-snippet:-1, max-image-preview:large, max-video-preview:-1\" \/>\n<link rel=\"canonical\" href=\"https:\/\/desegregare.ro\/en\/oamenii\/\" \/>\n<meta property=\"og:locale\" content=\"en_GB\" \/>\n<meta property=\"og:type\" content=\"article\" \/>\n<meta property=\"og:title\" content=\"Oamenii - Proiect Pata 2.0\" \/>\n<meta property=\"og:description\" content=\"Zona Pata-R\u00e2t este o a\u0219ezare urban\u0103 informal\u0103 segregat\u0103 spa\u021bial, sever deprivat\u0103 pe plan social, economic \u0219i al accesului la servicii (...)\" \/>\n<meta property=\"og:url\" content=\"https:\/\/desegregare.ro\/en\/oamenii\/\" \/>\n<meta property=\"og:site_name\" content=\"Proiect Pata 2.0\" \/>\n<meta property=\"article:publisher\" content=\"https:\/\/www.facebook.com\/ClujMetro\/\" \/>\n<meta property=\"article:modified_time\" content=\"2020-06-15T10:36:57+00:00\" \/>\n<meta name=\"twitter:card\" content=\"summary_large_image\" \/>\n<meta name=\"twitter:site\" content=\"@clujmetro\" \/>\n<meta name=\"twitter:label1\" content=\"Estimated reading time\" \/>\n\t<meta name=\"twitter:data1\" content=\"2 minutes\" \/>\n<script type=\"application\/ld+json\" class=\"yoast-schema-graph\">{\"@context\":\"https:\/\/schema.org\",\"@graph\":[{\"@type\":\"WebPage\",\"@id\":\"https:\/\/desegregare.ro\/oamenii\/\",\"url\":\"https:\/\/desegregare.ro\/oamenii\/\",\"name\":\"Oamenii - Proiect Pata 2.0\",\"isPartOf\":{\"@id\":\"https:\/\/desegregare.ro\/#website\"},\"datePublished\":\"2020-06-15T10:24:58+00:00\",\"dateModified\":\"2020-06-15T10:36:57+00:00\",\"breadcrumb\":{\"@id\":\"https:\/\/desegregare.ro\/oamenii\/#breadcrumb\"},\"inLanguage\":\"en-GB\",\"potentialAction\":[{\"@type\":\"ReadAction\",\"target\":[\"https:\/\/desegregare.ro\/oamenii\/\"]}]},{\"@type\":\"BreadcrumbList\",\"@id\":\"https:\/\/desegregare.ro\/oamenii\/#breadcrumb\",\"itemListElement\":[{\"@type\":\"ListItem\",\"position\":1,\"name\":\"Home\",\"item\":\"https:\/\/desegregare.ro\/\"},{\"@type\":\"ListItem\",\"position\":2,\"name\":\"Oamenii\"}]},{\"@type\":\"WebSite\",\"@id\":\"https:\/\/desegregare.ro\/#website\",\"url\":\"https:\/\/desegregare.ro\/\",\"name\":\"ZMC | Proiect Pata 2.0\",\"description\":\"Asocia\u0163ia de Dezvoltare Intercomunitar\u0103 Zona Metropolitan\u0103 Cluj\",\"publisher\":{\"@id\":\"https:\/\/desegregare.ro\/#organization\"},\"potentialAction\":[{\"@type\":\"SearchAction\",\"target\":{\"@type\":\"EntryPoint\",\"urlTemplate\":\"https:\/\/desegregare.ro\/?s={search_term_string}\"},\"query-input\":{\"@type\":\"PropertyValueSpecification\",\"valueRequired\":true,\"valueName\":\"search_term_string\"}}],\"inLanguage\":\"en-GB\"},{\"@type\":\"Organization\",\"@id\":\"https:\/\/desegregare.ro\/#organization\",\"name\":\"Zona Metropolitan\u0103 Cluj\",\"url\":\"https:\/\/desegregare.ro\/\",\"logo\":{\"@type\":\"ImageObject\",\"inLanguage\":\"en-GB\",\"@id\":\"https:\/\/desegregare.ro\/#\/schema\/logo\/image\/\",\"url\":\"https:\/\/desegregare.ro\/wp-content\/uploads\/2020\/06\/header_antent.png\",\"contentUrl\":\"https:\/\/desegregare.ro\/wp-content\/uploads\/2020\/06\/header_antent.png\",\"width\":318,\"height\":125,\"caption\":\"Zona Metropolitan\u0103 Cluj\"},\"image\":{\"@id\":\"https:\/\/desegregare.ro\/#\/schema\/logo\/image\/\"},\"sameAs\":[\"https:\/\/www.facebook.com\/ClujMetro\/\",\"https:\/\/x.com\/clujmetro\"]}]}<\/script>\n<!-- \/ Yoast SEO plugin. -->","yoast_head_json":{"title":"Oamenii - Proiect Pata 2.0","robots":{"index":"index","follow":"follow","max-snippet":"max-snippet:-1","max-image-preview":"max-image-preview:large","max-video-preview":"max-video-preview:-1"},"canonical":"https:\/\/desegregare.ro\/en\/oamenii\/","og_locale":"en_GB","og_type":"article","og_title":"Oamenii - Proiect Pata 2.0","og_description":"Zona Pata-R\u00e2t este o a\u0219ezare urban\u0103 informal\u0103 segregat\u0103 spa\u021bial, sever deprivat\u0103 pe plan social, economic \u0219i al accesului la servicii (...)","og_url":"https:\/\/desegregare.ro\/en\/oamenii\/","og_site_name":"Proiect Pata 2.0","article_publisher":"https:\/\/www.facebook.com\/ClujMetro\/","article_modified_time":"2020-06-15T10:36:57+00:00","twitter_card":"summary_large_image","twitter_site":"@clujmetro","twitter_misc":{"Estimated reading time":"2 minutes"},"schema":{"@context":"https:\/\/schema.org","@graph":[{"@type":"WebPage","@id":"https:\/\/desegregare.ro\/oamenii\/","url":"https:\/\/desegregare.ro\/oamenii\/","name":"Oamenii - Proiect Pata 2.0","isPartOf":{"@id":"https:\/\/desegregare.ro\/#website"},"datePublished":"2020-06-15T10:24:58+00:00","dateModified":"2020-06-15T10:36:57+00:00","breadcrumb":{"@id":"https:\/\/desegregare.ro\/oamenii\/#breadcrumb"},"inLanguage":"en-GB","potentialAction":[{"@type":"ReadAction","target":["https:\/\/desegregare.ro\/oamenii\/"]}]},{"@type":"BreadcrumbList","@id":"https:\/\/desegregare.ro\/oamenii\/#breadcrumb","itemListElement":[{"@type":"ListItem","position":1,"name":"Home","item":"https:\/\/desegregare.ro\/"},{"@type":"ListItem","position":2,"name":"Oamenii"}]},{"@type":"WebSite","@id":"https:\/\/desegregare.ro\/#website","url":"https:\/\/desegregare.ro\/","name":"ZMC | Proiect Pata 2.0","description":"Asocia\u0163ia de Dezvoltare Intercomunitar\u0103 Zona Metropolitan\u0103 Cluj","publisher":{"@id":"https:\/\/desegregare.ro\/#organization"},"potentialAction":[{"@type":"SearchAction","target":{"@type":"EntryPoint","urlTemplate":"https:\/\/desegregare.ro\/?s={search_term_string}"},"query-input":{"@type":"PropertyValueSpecification","valueRequired":true,"valueName":"search_term_string"}}],"inLanguage":"en-GB"},{"@type":"Organization","@id":"https:\/\/desegregare.ro\/#organization","name":"Zona Metropolitan\u0103 Cluj","url":"https:\/\/desegregare.ro\/","logo":{"@type":"ImageObject","inLanguage":"en-GB","@id":"https:\/\/desegregare.ro\/#\/schema\/logo\/image\/","url":"https:\/\/desegregare.ro\/wp-content\/uploads\/2020\/06\/header_antent.png","contentUrl":"https:\/\/desegregare.ro\/wp-content\/uploads\/2020\/06\/header_antent.png","width":318,"height":125,"caption":"Zona Metropolitan\u0103 Cluj"},"image":{"@id":"https:\/\/desegregare.ro\/#\/schema\/logo\/image\/"},"sameAs":["https:\/\/www.facebook.com\/ClujMetro\/","https:\/\/x.com\/clujmetro"]}]}},"_links":{"self":[{"href":"https:\/\/desegregare.ro\/en\/wp-json\/wp\/v2\/pages\/503"}],"collection":[{"href":"https:\/\/desegregare.ro\/en\/wp-json\/wp\/v2\/pages"}],"about":[{"href":"https:\/\/desegregare.ro\/en\/wp-json\/wp\/v2\/types\/page"}],"author":[{"embeddable":true,"href":"https:\/\/desegregare.ro\/en\/wp-json\/wp\/v2\/users\/2"}],"replies":[{"embeddable":true,"href":"https:\/\/desegregare.ro\/en\/wp-json\/wp\/v2\/comments?post=503"}],"version-history":[{"count":3,"href":"https:\/\/desegregare.ro\/en\/wp-json\/wp\/v2\/pages\/503\/revisions"}],"predecessor-version":[{"id":508,"href":"https:\/\/desegregare.ro\/en\/wp-json\/wp\/v2\/pages\/503\/revisions\/508"}],"wp:attachment":[{"href":"https:\/\/desegregare.ro\/en\/wp-json\/wp\/v2\/media?parent=503"}],"curies":[{"name":"wp","href":"https:\/\/api.w.org\/{rel}","templated":true}]}}