{"id":531,"date":"2020-06-17T20:28:38","date_gmt":"2020-06-17T17:28:38","guid":{"rendered":"https:\/\/desegregare.ro\/?page_id=531"},"modified":"2020-06-17T20:28:38","modified_gmt":"2020-06-17T17:28:38","slug":"orasul-bergen-norvegia","status":"publish","type":"page","link":"https:\/\/desegregare.ro\/en\/orasul-bergen-norvegia\/","title":{"rendered":"City of Bergen, Norway"},"content":{"rendered":"<p>Bergen is a city in western Norway, with a population of about 240,000, making it the second-largest city in Norway. The historical port area of Bryggen is a UNESCO World Heritage Site.<\/p>\n<p>Within the project, a group of experts from the city of Bergen will be involved in building the institutional capacity of the Romanian partners. To this end, visits will be organised for exchange of experience and there will be held training sessions on inclusive housing and management of social housing, but also on the most effective public policies in the field.<\/p>\n<p>At the same time, bilateral relations and professional exchanges will be strengthened with the local authority of Bergen, on specific themes of the project (social housing, providing of innovative social services a.s.o).<\/p>\n<p><iframe src=\"https:\/\/www.youtube.com\/embed\/wTbhZLRS8Tw\" width=\"560\" height=\"315\" frameborder=\"0\" allowfullscreen=\"allowfullscreen\"><\/iframe><\/p>\n<p class=\" translation-block\">More about Bergen <a href=\"https:\/\/en.visitbergen.com\/\" target=\"_self\" rel=\"noopener noreferrer\">here<\/a> (tourism site) or on <a href=\"https:\/\/www.bergen.kommune.no\/\" target=\"_self\" rel=\"noopener noreferrer\">the official site<\/a>.<\/p>","protected":false},"excerpt":{"rendered":"<p>Bergen este un ora\u0219 situat \u00een vestul Norvegiei, cu o popula\u021bie de aproximativ 240.000 de locuitori, fiind al doilea cel <a class=\"more-link\" href=\"https:\/\/desegregare.ro\/en\/orasul-bergen-norvegia\/\">(&#8230;)<\/a><\/p>","protected":false},"author":2,"featured_media":0,"parent":0,"menu_order":0,"comment_status":"closed","ping_status":"closed","template":"","meta":{"footnotes":""},"class_list":["post-531","page","type-page","status-publish","hentry"],"yoast_head":"<!-- This site is optimized with the Yoast SEO plugin v24.0 - https:\/\/yoast.com\/wordpress\/plugins\/seo\/ -->\n<title>Ora\u0219ul Bergen, Norvegia - Proiect Pata 2.0<\/title>\n<meta name=\"robots\" content=\"index, follow, max-snippet:-1, max-image-preview:large, max-video-preview:-1\" \/>\n<link rel=\"canonical\" href=\"https:\/\/desegregare.ro\/en\/orasul-bergen-norvegia\/\" \/>\n<meta property=\"og:locale\" content=\"en_GB\" \/>\n<meta property=\"og:type\" content=\"article\" \/>\n<meta property=\"og:title\" content=\"Ora\u0219ul Bergen, Norvegia - Proiect Pata 2.0\" \/>\n<meta property=\"og:description\" content=\"Bergen este un ora\u0219 situat \u00een vestul Norvegiei, cu o popula\u021bie de aproximativ 240.000 de locuitori, fiind al doilea cel (...)\" \/>\n<meta property=\"og:url\" content=\"https:\/\/desegregare.ro\/en\/orasul-bergen-norvegia\/\" \/>\n<meta property=\"og:site_name\" content=\"Proiect Pata 2.0\" \/>\n<meta property=\"article:publisher\" content=\"https:\/\/www.facebook.com\/ClujMetro\/\" \/>\n<meta name=\"twitter:card\" content=\"summary_large_image\" \/>\n<meta name=\"twitter:site\" content=\"@clujmetro\" \/>\n<meta name=\"twitter:label1\" content=\"Estimated reading time\" \/>\n\t<meta name=\"twitter:data1\" content=\"1 minute\" \/>\n<script type=\"application\/ld+json\" class=\"yoast-schema-graph\">{\"@context\":\"https:\/\/schema.org\",\"@graph\":[{\"@type\":\"WebPage\",\"@id\":\"https:\/\/desegregare.ro\/en\/orasul-bergen-norvegia\/\",\"url\":\"https:\/\/desegregare.ro\/en\/orasul-bergen-norvegia\/\",\"name\":\"Ora\u0219ul Bergen, Norvegia - Proiect Pata 2.0\",\"isPartOf\":{\"@id\":\"https:\/\/desegregare.ro\/#website\"},\"datePublished\":\"2020-06-17T17:28:38+00:00\",\"dateModified\":\"2020-06-17T17:28:38+00:00\",\"breadcrumb\":{\"@id\":\"https:\/\/desegregare.ro\/en\/orasul-bergen-norvegia\/#breadcrumb\"},\"inLanguage\":\"en-GB\",\"potentialAction\":[{\"@type\":\"ReadAction\",\"target\":[\"https:\/\/desegregare.ro\/en\/orasul-bergen-norvegia\/\"]}]},{\"@type\":\"BreadcrumbList\",\"@id\":\"https:\/\/desegregare.ro\/en\/orasul-bergen-norvegia\/#breadcrumb\",\"itemListElement\":[{\"@type\":\"ListItem\",\"position\":1,\"name\":\"Home\",\"item\":\"https:\/\/desegregare.ro\/\"},{\"@type\":\"ListItem\",\"position\":2,\"name\":\"Ora\u0219ul Bergen, Norvegia\"}]},{\"@type\":\"WebSite\",\"@id\":\"https:\/\/desegregare.ro\/#website\",\"url\":\"https:\/\/desegregare.ro\/\",\"name\":\"ZMC | Proiect Pata 2.0\",\"description\":\"Asocia\u0163ia de Dezvoltare Intercomunitar\u0103 Zona Metropolitan\u0103 Cluj\",\"publisher\":{\"@id\":\"https:\/\/desegregare.ro\/#organization\"},\"potentialAction\":[{\"@type\":\"SearchAction\",\"target\":{\"@type\":\"EntryPoint\",\"urlTemplate\":\"https:\/\/desegregare.ro\/?s={search_term_string}\"},\"query-input\":{\"@type\":\"PropertyValueSpecification\",\"valueRequired\":true,\"valueName\":\"search_term_string\"}}],\"inLanguage\":\"en-GB\"},{\"@type\":\"Organization\",\"@id\":\"https:\/\/desegregare.ro\/#organization\",\"name\":\"Zona Metropolitan\u0103 Cluj\",\"url\":\"https:\/\/desegregare.ro\/\",\"logo\":{\"@type\":\"ImageObject\",\"inLanguage\":\"en-GB\",\"@id\":\"https:\/\/desegregare.ro\/#\/schema\/logo\/image\/\",\"url\":\"https:\/\/desegregare.ro\/wp-content\/uploads\/2020\/06\/header_antent.png\",\"contentUrl\":\"https:\/\/desegregare.ro\/wp-content\/uploads\/2020\/06\/header_antent.png\",\"width\":318,\"height\":125,\"caption\":\"Zona Metropolitan\u0103 Cluj\"},\"image\":{\"@id\":\"https:\/\/desegregare.ro\/#\/schema\/logo\/image\/\"},\"sameAs\":[\"https:\/\/www.facebook.com\/ClujMetro\/\",\"https:\/\/x.com\/clujmetro\"]}]}<\/script>\n<!-- \/ Yoast SEO plugin. -->","yoast_head_json":{"title":"Ora\u0219ul Bergen, Norvegia - Proiect Pata 2.0","robots":{"index":"index","follow":"follow","max-snippet":"max-snippet:-1","max-image-preview":"max-image-preview:large","max-video-preview":"max-video-preview:-1"},"canonical":"https:\/\/desegregare.ro\/en\/orasul-bergen-norvegia\/","og_locale":"en_GB","og_type":"article","og_title":"Ora\u0219ul Bergen, Norvegia - Proiect Pata 2.0","og_description":"Bergen este un ora\u0219 situat \u00een vestul Norvegiei, cu o popula\u021bie de aproximativ 240.000 de locuitori, fiind al doilea cel (...)","og_url":"https:\/\/desegregare.ro\/en\/orasul-bergen-norvegia\/","og_site_name":"Proiect Pata 2.0","article_publisher":"https:\/\/www.facebook.com\/ClujMetro\/","twitter_card":"summary_large_image","twitter_site":"@clujmetro","twitter_misc":{"Estimated reading time":"1 minute"},"schema":{"@context":"https:\/\/schema.org","@graph":[{"@type":"WebPage","@id":"https:\/\/desegregare.ro\/en\/orasul-bergen-norvegia\/","url":"https:\/\/desegregare.ro\/en\/orasul-bergen-norvegia\/","name":"Ora\u0219ul Bergen, Norvegia - Proiect Pata 2.0","isPartOf":{"@id":"https:\/\/desegregare.ro\/#website"},"datePublished":"2020-06-17T17:28:38+00:00","dateModified":"2020-06-17T17:28:38+00:00","breadcrumb":{"@id":"https:\/\/desegregare.ro\/en\/orasul-bergen-norvegia\/#breadcrumb"},"inLanguage":"en-GB","potentialAction":[{"@type":"ReadAction","target":["https:\/\/desegregare.ro\/en\/orasul-bergen-norvegia\/"]}]},{"@type":"BreadcrumbList","@id":"https:\/\/desegregare.ro\/en\/orasul-bergen-norvegia\/#breadcrumb","itemListElement":[{"@type":"ListItem","position":1,"name":"Home","item":"https:\/\/desegregare.ro\/"},{"@type":"ListItem","position":2,"name":"Ora\u0219ul Bergen, Norvegia"}]},{"@type":"WebSite","@id":"https:\/\/desegregare.ro\/#website","url":"https:\/\/desegregare.ro\/","name":"ZMC | Proiect Pata 2.0","description":"Asocia\u0163ia de Dezvoltare Intercomunitar\u0103 Zona Metropolitan\u0103 Cluj","publisher":{"@id":"https:\/\/desegregare.ro\/#organization"},"potentialAction":[{"@type":"SearchAction","target":{"@type":"EntryPoint","urlTemplate":"https:\/\/desegregare.ro\/?s={search_term_string}"},"query-input":{"@type":"PropertyValueSpecification","valueRequired":true,"valueName":"search_term_string"}}],"inLanguage":"en-GB"},{"@type":"Organization","@id":"https:\/\/desegregare.ro\/#organization","name":"Zona Metropolitan\u0103 Cluj","url":"https:\/\/desegregare.ro\/","logo":{"@type":"ImageObject","inLanguage":"en-GB","@id":"https:\/\/desegregare.ro\/#\/schema\/logo\/image\/","url":"https:\/\/desegregare.ro\/wp-content\/uploads\/2020\/06\/header_antent.png","contentUrl":"https:\/\/desegregare.ro\/wp-content\/uploads\/2020\/06\/header_antent.png","width":318,"height":125,"caption":"Zona Metropolitan\u0103 Cluj"},"image":{"@id":"https:\/\/desegregare.ro\/#\/schema\/logo\/image\/"},"sameAs":["https:\/\/www.facebook.com\/ClujMetro\/","https:\/\/x.com\/clujmetro"]}]}},"_links":{"self":[{"href":"https:\/\/desegregare.ro\/en\/wp-json\/wp\/v2\/pages\/531"}],"collection":[{"href":"https:\/\/desegregare.ro\/en\/wp-json\/wp\/v2\/pages"}],"about":[{"href":"https:\/\/desegregare.ro\/en\/wp-json\/wp\/v2\/types\/page"}],"author":[{"embeddable":true,"href":"https:\/\/desegregare.ro\/en\/wp-json\/wp\/v2\/users\/2"}],"replies":[{"embeddable":true,"href":"https:\/\/desegregare.ro\/en\/wp-json\/wp\/v2\/comments?post=531"}],"version-history":[{"count":2,"href":"https:\/\/desegregare.ro\/en\/wp-json\/wp\/v2\/pages\/531\/revisions"}],"predecessor-version":[{"id":533,"href":"https:\/\/desegregare.ro\/en\/wp-json\/wp\/v2\/pages\/531\/revisions\/533"}],"wp:attachment":[{"href":"https:\/\/desegregare.ro\/en\/wp-json\/wp\/v2\/media?parent=531"}],"curies":[{"name":"wp","href":"https:\/\/api.w.org\/{rel}","templated":true}]}}